{"id":967,"date":"2017-11-15T16:01:13","date_gmt":"2017-11-15T16:01:13","guid":{"rendered":"http:\/\/vinsrapp.com\/?page_id=967"},"modified":"2025-07-10T14:05:51","modified_gmt":"2025-07-10T14:05:51","slug":"1001-degustations","status":"publish","type":"page","link":"https:\/\/vinsrapp.com\/?page_id=967","title":{"rendered":"1001D\u00e9gustations.com"},"content":{"rendered":"<h3>Nos vins s\u00e9lectionn\u00e9s et prim\u00e9s par le site<br \/>\n\u00ab\u00a01001 D\u00e9gustations\u00a0\u00bb :<\/h3>\n<p>&nbsp;<\/p>\n<h4>Cr\u00e9mant blanc\u00a0<img loading=\"lazy\" decoding=\"async\" class=\"alignnone  wp-image-969\" src=\"http:\/\/vinsrapp.com\/wp-content\/uploads\/2017\/11\/3-etoiles-300x91.jpg\" alt=\"3 etoiles\" width=\"105\" height=\"32\" srcset=\"https:\/\/vinsrapp.com\/wp-content\/uploads\/2017\/11\/3-etoiles-300x91.jpg 300w, https:\/\/vinsrapp.com\/wp-content\/uploads\/2017\/11\/3-etoiles.jpg 900w\" sizes=\"auto, (max-width: 105px) 100vw, 105px\" \/><\/h4>\n<p>\u00ab\u00a0Un cr\u00e9mant aux accents de fruits, de verveine et de tilleul. Bouche d&rsquo;une fraicheur qui n&rsquo;exclut pas la gourmandise. Il apporte ce qu&rsquo;il faut pour que l&rsquo;ap\u00e9ritif soit convivial. Une tarte flamb\u00e9e s&rsquo;impose. \u00a0\u00bb<\/p>\n<p><a href=\"https:\/\/www.1001degustations.com\/vin-8049-domaine-rapp.html&quot;%20target=&quot;_blank&quot; title=&quot;S\u00e9lectionn\u00e9 par 1001degustations&quot;&gt; [http:\/\/www.1001degustations.com\/images\/templates\/macaron.gif] http:\/\/www.1001degustations.com\/images\/templates\/macaron.gif&quot; border=&quot;0&quot; alt=&quot;S\u00e9lectionn\u00e9 par 1001degustations&quot;&gt;\">Site 1001 D\u00e9gustation : Cr\u00e9mant<\/a><\/p>\n<h4>Gewurztraminer Lieu dit Husaren <a href=\"http:\/\/vinsrapp.com\/wp-content\/uploads\/2017\/11\/2-etoiles.jpg\"><img loading=\"lazy\" decoding=\"async\" class=\"alignnone  wp-image-970\" src=\"http:\/\/vinsrapp.com\/wp-content\/uploads\/2017\/11\/2-etoiles-300x148.jpg\" alt=\"2 etoiles\" width=\"65\" height=\"32\" srcset=\"https:\/\/vinsrapp.com\/wp-content\/uploads\/2017\/11\/2-etoiles-300x148.jpg 300w, https:\/\/vinsrapp.com\/wp-content\/uploads\/2017\/11\/2-etoiles.jpg 545w\" sizes=\"auto, (max-width: 65px) 100vw, 65px\" \/><\/a><\/h4>\n<p>\u00ab\u00a0Joli nez de fruits exotiques avec un m\u00e9lange de litchi et de confiture de coing. La bouche est support\u00e9e par un m\u00e9lange qui joue entre sucr\u00e9 et acide, c&rsquo;est tr\u00e8s agr\u00e9able. Beaucoup de fra\u00eecheur, il garde une belle maturit\u00e9. A essayer sur un fromage \u00e0 cro\u00fbte lav\u00e9e. \u00a0\u00bb<\/p>\n<p><a href=\"https:\/\/www.1001degustations.com\/vin-8048-domaine-rapp-lieu-dit-husaren.html&quot;%20target=&quot;_blank&quot; title=&quot;S\u00e9lectionn\u00e9 par 1001degustations&quot;&gt; [http:\/\/www.1001degustations.com\/images\/templates\/macaron.gif] http:\/\/www.1001degustations.com\/images\/templates\/macaron.gif&quot; border=&quot;0&quot; alt=&quot;S\u00e9lectionn\u00e9 par 1001degustations&quot;&gt;\">Site 1001 D\u00e9gustation : Lieu dit Husaren<\/a><\/p>\n<h4>Les larmes de Thor <a href=\"http:\/\/vinsrapp.com\/wp-content\/uploads\/2017\/11\/2-etoiles.jpg\"><img loading=\"lazy\" decoding=\"async\" class=\"alignnone  wp-image-970\" src=\"http:\/\/vinsrapp.com\/wp-content\/uploads\/2017\/11\/2-etoiles-300x148.jpg\" alt=\"2 etoiles\" width=\"67\" height=\"33\" srcset=\"https:\/\/vinsrapp.com\/wp-content\/uploads\/2017\/11\/2-etoiles-300x148.jpg 300w, https:\/\/vinsrapp.com\/wp-content\/uploads\/2017\/11\/2-etoiles.jpg 545w\" sizes=\"auto, (max-width: 67px) 100vw, 67px\" \/><\/a><\/h4>\n<p>\u00ab\u00a0Une envol\u00e9e de parfums sur une robe cristalline : fruits blancs, pomme, poire, litchis et touche de maracuja. Bouche facile et gourmande. \u00a0\u00bb<\/p>\n<p><a href=\"https:\/\/www.1001degustations.com\/vin-8047-domaine-rapp-les-larmes-de-thor.html&quot;%20target=&quot;_blank&quot; title=&quot;S\u00e9lectionn\u00e9 par 1001degustations&quot;&gt; [http:\/\/www.1001degustations.com\/images\/templates\/macaron.gif] http:\/\/www.1001degustations.com\/images\/templates\/macaron.gif&quot; border=&quot;0&quot; alt=&quot;S\u00e9lectionn\u00e9 par 1001degustations&quot;&gt;\">Site 1001 D\u00e9gustation : Les larmes de Thor<\/a><\/p>\n","protected":false},"excerpt":{"rendered":"<p>Nos vins s\u00e9lectionn\u00e9s et prim\u00e9s par le site \u00ab\u00a01001 D\u00e9gustations\u00a0\u00bb : &nbsp; Cr\u00e9mant blanc\u00a0 \u00ab\u00a0Un cr\u00e9mant aux accents de fruits, de verveine et de tilleul. Bouche d&rsquo;une fraicheur qui n&rsquo;exclut pas la gourmandise. Il apporte ce qu&rsquo;il faut pour que l&rsquo;ap\u00e9ritif soit convivial. Une tarte flamb\u00e9e s&rsquo;impose. \u00a0\u00bb Site 1001 D\u00e9gustation : Cr\u00e9mant Gewurztraminer Lieu &hellip; <a href=\"https:\/\/vinsrapp.com\/?page_id=967\" class=\"more-link\">Continuer la lecture de <span class=\"screen-reader-text\">1001D\u00e9gustations.com<\/span>  <span class=\"meta-nav\">&rarr;<\/span><\/a><\/p>\n","protected":false},"author":1,"featured_media":0,"parent":184,"menu_order":0,"comment_status":"closed","ping_status":"closed","template":"","meta":{"footnotes":""},"class_list":["post-967","page","type-page","status-publish","hentry"],"_links":{"self":[{"href":"https:\/\/vinsrapp.com\/index.php?rest_route=\/wp\/v2\/pages\/967","targetHints":{"allow":["GET"]}}],"collection":[{"href":"https:\/\/vinsrapp.com\/index.php?rest_route=\/wp\/v2\/pages"}],"about":[{"href":"https:\/\/vinsrapp.com\/index.php?rest_route=\/wp\/v2\/types\/page"}],"author":[{"embeddable":true,"href":"https:\/\/vinsrapp.com\/index.php?rest_route=\/wp\/v2\/users\/1"}],"replies":[{"embeddable":true,"href":"https:\/\/vinsrapp.com\/index.php?rest_route=%2Fwp%2Fv2%2Fcomments&post=967"}],"version-history":[{"count":7,"href":"https:\/\/vinsrapp.com\/index.php?rest_route=\/wp\/v2\/pages\/967\/revisions"}],"predecessor-version":[{"id":983,"href":"https:\/\/vinsrapp.com\/index.php?rest_route=\/wp\/v2\/pages\/967\/revisions\/983"}],"up":[{"embeddable":true,"href":"https:\/\/vinsrapp.com\/index.php?rest_route=\/wp\/v2\/pages\/184"}],"wp:attachment":[{"href":"https:\/\/vinsrapp.com\/index.php?rest_route=%2Fwp%2Fv2%2Fmedia&parent=967"}],"curies":[{"name":"wp","href":"https:\/\/api.w.org\/{rel}","templated":true}]}}