{"id":899,"date":"2017-05-31T14:24:15","date_gmt":"2017-05-31T14:24:15","guid":{"rendered":"http:\/\/vinsrapp.com\/?page_id=899"},"modified":"2025-07-10T14:05:32","modified_gmt":"2025-07-10T14:05:32","slug":"elle-a-table","status":"publish","type":"page","link":"https:\/\/vinsrapp.com\/?page_id=899","title":{"rendered":"Elle \u00e0 Table"},"content":{"rendered":"<h3>Revue Elle \u00e0 Table<\/h3>\n<p>&nbsp;<\/p>\n<p>Notre Auxerrois Muhlweg 2015 a obtenu une m\u00e9daille d&rsquo;or lors de sa d\u00e9gustation par un jury d&rsquo;amateurs et d&rsquo;experts du monde du vin organis\u00e9 par le magazine \u00ab\u00a0Elle \u00e0 Table\u00a0\u00bb.<\/p>\n<p><a href=\"http:\/\/vinsrapp.com\/wp-content\/uploads\/2017\/05\/OR-Elle-a-table-2017-2.jpg\"><img loading=\"lazy\" decoding=\"async\" class=\"alignnone size-medium wp-image-901\" src=\"http:\/\/vinsrapp.com\/wp-content\/uploads\/2017\/05\/OR-Elle-a-table-2017-2-300x225.jpg\" alt=\"OR Elle a table 2017 (2)\" width=\"300\" height=\"225\" srcset=\"https:\/\/vinsrapp.com\/wp-content\/uploads\/2017\/05\/OR-Elle-a-table-2017-2-300x225.jpg 300w, https:\/\/vinsrapp.com\/wp-content\/uploads\/2017\/05\/OR-Elle-a-table-2017-2.jpg 640w\" sizes=\"auto, (max-width: 300px) 100vw, 300px\" \/><\/a><\/p>\n<p>&nbsp;<\/p>\n","protected":false},"excerpt":{"rendered":"<p>Revue Elle \u00e0 Table &nbsp; Notre Auxerrois Muhlweg 2015 a obtenu une m\u00e9daille d&rsquo;or lors de sa d\u00e9gustation par un jury d&rsquo;amateurs et d&rsquo;experts du monde du vin organis\u00e9 par le magazine \u00ab\u00a0Elle \u00e0 Table\u00a0\u00bb. &nbsp;<\/p>\n","protected":false},"author":1,"featured_media":0,"parent":0,"menu_order":0,"comment_status":"closed","ping_status":"closed","template":"","meta":{"footnotes":""},"class_list":["post-899","page","type-page","status-publish","hentry"],"_links":{"self":[{"href":"https:\/\/vinsrapp.com\/index.php?rest_route=\/wp\/v2\/pages\/899","targetHints":{"allow":["GET"]}}],"collection":[{"href":"https:\/\/vinsrapp.com\/index.php?rest_route=\/wp\/v2\/pages"}],"about":[{"href":"https:\/\/vinsrapp.com\/index.php?rest_route=\/wp\/v2\/types\/page"}],"author":[{"embeddable":true,"href":"https:\/\/vinsrapp.com\/index.php?rest_route=\/wp\/v2\/users\/1"}],"replies":[{"embeddable":true,"href":"https:\/\/vinsrapp.com\/index.php?rest_route=%2Fwp%2Fv2%2Fcomments&post=899"}],"version-history":[{"count":2,"href":"https:\/\/vinsrapp.com\/index.php?rest_route=\/wp\/v2\/pages\/899\/revisions"}],"predecessor-version":[{"id":979,"href":"https:\/\/vinsrapp.com\/index.php?rest_route=\/wp\/v2\/pages\/899\/revisions\/979"}],"wp:attachment":[{"href":"https:\/\/vinsrapp.com\/index.php?rest_route=%2Fwp%2Fv2%2Fmedia&parent=899"}],"curies":[{"name":"wp","href":"https:\/\/api.w.org\/{rel}","templated":true}]}}