{"id":547,"date":"2017-01-02T14:52:03","date_gmt":"2017-01-02T14:52:03","guid":{"rendered":"http:\/\/vinsrapp.com\/?page_id=547"},"modified":"2025-07-10T14:05:51","modified_gmt":"2025-07-10T14:05:51","slug":"sur-son-31","status":"publish","type":"page","link":"https:\/\/vinsrapp.com\/?page_id=547","title":{"rendered":"Sur son 31"},"content":{"rendered":"<h1>\u00ab\u00a0Sur son 31\u00a0\u00bb &#8211;\u00a0 Sylvaner AOP Alsace <br \/>Demi-sec<\/h1>\n<p><a href=\"http:\/\/vinsrapp.com\/wp-content\/uploads\/2014\/10\/sylvaner-2.jpg\"><img loading=\"lazy\" decoding=\"async\" class=\"alignnone size-medium wp-image-211\" src=\"http:\/\/vinsrapp.com\/wp-content\/uploads\/2014\/10\/sylvaner-2-144x300.jpg\" alt=\"sylvaner 2\" width=\"144\" height=\"300\" srcset=\"https:\/\/vinsrapp.com\/wp-content\/uploads\/2014\/10\/sylvaner-2-144x300.jpg 144w, https:\/\/vinsrapp.com\/wp-content\/uploads\/2014\/10\/sylvaner-2-491x1024.jpg 491w, https:\/\/vinsrapp.com\/wp-content\/uploads\/2014\/10\/sylvaner-2.jpg 624w\" sizes=\"auto, (max-width: 144px) 100vw, 144px\" \/><\/a><\/p>\n<p>\u00a0<\/p>\n<p>C\u00c9PAGE : Sylvaner<\/p>\n<p>ROBE : jaune d&rsquo;or, p\u00e2le, limpide et brillant<\/p>\n<p>BOUQUET : Doux, frais, l\u00e9ger, fruit\u00e9, notes de fleurs blanches et d&rsquo;agrumes.<\/p>\n<p>ACCORDS : charcuterie, fondue au fromage, raclette<\/p>\n\n\n<div class=\"wp-block-buttons is-layout-flex wp-block-buttons-is-layout-flex\">\n<div class=\"wp-block-button\"><a class=\"wp-block-button__link has-black-color has-text-color has-background\" href=\"https:\/\/www.vinsrapp.com\/boutique\/aoc-alsace-2\/-sur-son-31--7.html\" style=\"border-radius:7px;background-color:#f5e101\">ACHETER<\/a><\/div>\n<\/div>\n","protected":false},"excerpt":{"rendered":"<p>\u00ab\u00a0Sur son 31\u00a0\u00bb &#8211;\u00a0 Sylvaner AOP Alsace Demi-sec \u00a0 C\u00c9PAGE : Sylvaner ROBE : jaune d&rsquo;or, p\u00e2le, limpide et brillant BOUQUET : Doux, frais, l\u00e9ger, fruit\u00e9, notes de fleurs blanches et d&rsquo;agrumes. ACCORDS : charcuterie, fondue au fromage, raclette<\/p>\n","protected":false},"author":1,"featured_media":0,"parent":0,"menu_order":0,"comment_status":"closed","ping_status":"open","template":"","meta":{"footnotes":""},"class_list":["post-547","page","type-page","status-publish","hentry"],"_links":{"self":[{"href":"https:\/\/vinsrapp.com\/index.php?rest_route=\/wp\/v2\/pages\/547","targetHints":{"allow":["GET"]}}],"collection":[{"href":"https:\/\/vinsrapp.com\/index.php?rest_route=\/wp\/v2\/pages"}],"about":[{"href":"https:\/\/vinsrapp.com\/index.php?rest_route=\/wp\/v2\/types\/page"}],"author":[{"embeddable":true,"href":"https:\/\/vinsrapp.com\/index.php?rest_route=\/wp\/v2\/users\/1"}],"replies":[{"embeddable":true,"href":"https:\/\/vinsrapp.com\/index.php?rest_route=%2Fwp%2Fv2%2Fcomments&post=547"}],"version-history":[{"count":9,"href":"https:\/\/vinsrapp.com\/index.php?rest_route=\/wp\/v2\/pages\/547\/revisions"}],"predecessor-version":[{"id":2484,"href":"https:\/\/vinsrapp.com\/index.php?rest_route=\/wp\/v2\/pages\/547\/revisions\/2484"}],"wp:attachment":[{"href":"https:\/\/vinsrapp.com\/index.php?rest_route=%2Fwp%2Fv2%2Fmedia&parent=547"}],"curies":[{"name":"wp","href":"https:\/\/api.w.org\/{rel}","templated":true}]}}