{"id":540,"date":"2017-01-02T14:18:31","date_gmt":"2017-01-02T14:18:31","guid":{"rendered":"http:\/\/vinsrapp.com\/?page_id=540"},"modified":"2025-07-10T14:05:51","modified_gmt":"2025-07-10T14:05:51","slug":"gewurztraminer-lieu-dit-stierkopf","status":"publish","type":"page","link":"https:\/\/vinsrapp.com\/?page_id=540","title":{"rendered":"Gewurztraminer Lieu dit Stierkopf"},"content":{"rendered":"\n<p><mark style=\"background-color:rgba(0, 0, 0, 0);color:#de1b1b\" class=\"has-inline-color\">Actuellement indisponible<\/mark><\/p>\n\n\n<h1>LE GEWURZTRAMINER L<em>ieu dit\u00a0 STIERKOPF<\/em> AOC Alsace &#8211; Moelleux<\/h1>\n<p><a href=\"http:\/\/vinsrapp.com\/wp-content\/uploads\/2014\/09\/gewurztraminer.jpg\"><img loading=\"lazy\" decoding=\"async\" class=\"alignnone size-medium wp-image-96\" src=\"http:\/\/vinsrapp.com\/wp-content\/uploads\/2014\/09\/gewurztraminer-211x300.jpg\" alt=\"gewurztraminer\" width=\"211\" height=\"300\" srcset=\"https:\/\/vinsrapp.com\/wp-content\/uploads\/2014\/09\/gewurztraminer-211x300.jpg 211w, https:\/\/vinsrapp.com\/wp-content\/uploads\/2014\/09\/gewurztraminer-722x1024.jpg 722w, https:\/\/vinsrapp.com\/wp-content\/uploads\/2014\/09\/gewurztraminer.jpg 1650w\" sizes=\"auto, (max-width: 211px) 100vw, 211px\" \/><\/a><\/p>\n<h6>C\u00c9PAGE :\u00a0Gewurztraminer<\/h6>\n<h6>ROBE : Jaune d&rsquo;or<\/h6>\n<h6>BOUQUET : Une pur expression de son terroir! Un vin vif, fruit\u00e9 et tr\u00e8s expressif. Une vrai explosion de saveurs.<\/h6>\n<h6>ACCORDS : Ap\u00e9ritif, cuisine asiatique, munster ou autres fromages forts, dessert<\/h6>\n\n\n<div class=\"wp-block-buttons is-layout-flex wp-block-buttons-is-layout-flex\">\n<div class=\"wp-block-button\"><a class=\"wp-block-button__link has-black-color has-text-color has-background wp-element-button\" href=\"https:\/\/www.vinsrapp.com\/boutique\/aoc-alsace-2\/gewurztraminer-lieu-dit-stierkopf-23.html\" style=\"border-radius:7px;background-color:#f5e101\">ACHETER<\/a><\/div>\n<\/div>\n","protected":false},"excerpt":{"rendered":"<p>Actuellement indisponible LE GEWURZTRAMINER Lieu dit\u00a0 STIERKOPF AOC Alsace &#8211; Moelleux C\u00c9PAGE :\u00a0Gewurztraminer ROBE : Jaune d&rsquo;or BOUQUET : Une pur expression de son terroir! Un vin vif, fruit\u00e9 et tr\u00e8s expressif. Une vrai explosion de saveurs. ACCORDS : Ap\u00e9ritif, cuisine asiatique, munster ou autres fromages forts, dessert<\/p>\n","protected":false},"author":1,"featured_media":0,"parent":0,"menu_order":0,"comment_status":"closed","ping_status":"open","template":"","meta":{"footnotes":""},"class_list":["post-540","page","type-page","status-publish","hentry"],"_links":{"self":[{"href":"https:\/\/vinsrapp.com\/index.php?rest_route=\/wp\/v2\/pages\/540","targetHints":{"allow":["GET"]}}],"collection":[{"href":"https:\/\/vinsrapp.com\/index.php?rest_route=\/wp\/v2\/pages"}],"about":[{"href":"https:\/\/vinsrapp.com\/index.php?rest_route=\/wp\/v2\/types\/page"}],"author":[{"embeddable":true,"href":"https:\/\/vinsrapp.com\/index.php?rest_route=\/wp\/v2\/users\/1"}],"replies":[{"embeddable":true,"href":"https:\/\/vinsrapp.com\/index.php?rest_route=%2Fwp%2Fv2%2Fcomments&post=540"}],"version-history":[{"count":15,"href":"https:\/\/vinsrapp.com\/index.php?rest_route=\/wp\/v2\/pages\/540\/revisions"}],"predecessor-version":[{"id":2625,"href":"https:\/\/vinsrapp.com\/index.php?rest_route=\/wp\/v2\/pages\/540\/revisions\/2625"}],"wp:attachment":[{"href":"https:\/\/vinsrapp.com\/index.php?rest_route=%2Fwp%2Fv2%2Fmedia&parent=540"}],"curies":[{"name":"wp","href":"https:\/\/api.w.org\/{rel}","templated":true}]}}