{"id":494,"date":"2016-10-01T09:39:17","date_gmt":"2016-10-01T09:39:17","guid":{"rendered":"http:\/\/vinsrapp.com\/?page_id=494"},"modified":"2025-07-10T14:06:15","modified_gmt":"2025-07-10T14:06:15","slug":"guide-hachette-des-vins-2017","status":"publish","type":"page","link":"https:\/\/vinsrapp.com\/?page_id=494","title":{"rendered":"Guide Hachette des Vins 2017"},"content":{"rendered":"<h2>Nos vins prim\u00e9s dans le Guide Hachette des Vins 2017<\/h2>\n<p><a href=\"http:\/\/vinsrapp.com\/wp-content\/uploads\/2014\/09\/FullSizeRender-3.jpg\"><img loading=\"lazy\" decoding=\"async\" class=\"alignleft wp-image-486 size-medium\" src=\"http:\/\/vinsrapp.com\/wp-content\/uploads\/2014\/09\/FullSizeRender-3-225x300.jpg\" alt=\"fullsizerender-3\" width=\"225\" height=\"300\" srcset=\"https:\/\/vinsrapp.com\/wp-content\/uploads\/2014\/09\/FullSizeRender-3-225x300.jpg 225w, https:\/\/vinsrapp.com\/wp-content\/uploads\/2014\/09\/FullSizeRender-3.jpg 480w\" sizes=\"auto, (max-width: 225px) 100vw, 225px\" \/><\/a>Les vendanges ont d\u00e9marr\u00e9 sous le soleil et sont accompagn\u00e9es de bonnes nouvelles!<\/p>\n<p>Trois de nos cuv\u00e9es ont \u00e9t\u00e9 s\u00e9lectionn\u00e9es dans le <strong><span style=\"text-decoration: underline;\">\u00ab\u00a0Guide Hachette des vins 2017\u00a0\u00bb<\/span><\/strong><\/p>\n<p>Nous vous laissons d\u00e9couvrir ci-dessous les publications.<\/p>\n<p>&nbsp;<\/p>\n<p>&nbsp;<\/p>\n<h2><strong>Le cr\u00e9mant 2013 avec un<em> coup de c\u0153ur ***<\/em><\/strong><\/h2>\n<p><a href=\"http:\/\/vinsrapp.com\/wp-content\/uploads\/2014\/09\/GHV-2017-Cremant-2013.jpg\"><img loading=\"lazy\" decoding=\"async\" class=\"alignleft wp-image-487\" src=\"http:\/\/vinsrapp.com\/wp-content\/uploads\/2014\/09\/GHV-2017-Cremant-2013-216x300.jpg\" alt=\"ghv-2017-cremant-2013\" width=\"225\" height=\"312\" srcset=\"https:\/\/vinsrapp.com\/wp-content\/uploads\/2014\/09\/GHV-2017-Cremant-2013-216x300.jpg 216w, https:\/\/vinsrapp.com\/wp-content\/uploads\/2014\/09\/GHV-2017-Cremant-2013.jpg 462w\" sizes=\"auto, (max-width: 225px) 100vw, 225px\" \/><\/a><\/p>\n<p>&nbsp;<\/p>\n<h2><\/h2>\n<h2>Les larmes de Thor 2014*<\/h2>\n<p><a href=\"http:\/\/vinsrapp.com\/wp-content\/uploads\/2014\/09\/GHV-2017-Larmes-de-Thor-2014.jpg\"><img loading=\"lazy\" decoding=\"async\" class=\"alignnone wp-image-489\" src=\"http:\/\/vinsrapp.com\/wp-content\/uploads\/2014\/09\/GHV-2017-Larmes-de-Thor-2014-210x300.jpg\" alt=\"ghv-2017-larmes-de-thor-2014\" width=\"256\" height=\"366\" srcset=\"https:\/\/vinsrapp.com\/wp-content\/uploads\/2014\/09\/GHV-2017-Larmes-de-Thor-2014-210x300.jpg 210w, https:\/\/vinsrapp.com\/wp-content\/uploads\/2014\/09\/GHV-2017-Larmes-de-Thor-2014.jpg 448w\" sizes=\"auto, (max-width: 256px) 100vw, 256px\" \/><\/a><\/p>\n<h2>L&rsquo; Auxerrois Mulhweg 2014 *<\/h2>\n<p><a href=\"http:\/\/vinsrapp.com\/wp-content\/uploads\/2014\/09\/GHV-2017-Muhlweg-2014.jpg\"><img loading=\"lazy\" decoding=\"async\" class=\"alignnone size-medium wp-image-488\" src=\"http:\/\/vinsrapp.com\/wp-content\/uploads\/2014\/09\/GHV-2017-Muhlweg-2014-300x289.jpg\" alt=\"ghv-2017-muhlweg-2014\" width=\"300\" height=\"289\" srcset=\"https:\/\/vinsrapp.com\/wp-content\/uploads\/2014\/09\/GHV-2017-Muhlweg-2014-300x289.jpg 300w, https:\/\/vinsrapp.com\/wp-content\/uploads\/2014\/09\/GHV-2017-Muhlweg-2014.jpg 640w\" sizes=\"auto, (max-width: 300px) 100vw, 300px\" \/><\/a><\/p>\n<p>Les stocks \u00e9tant limit\u00e9s, n\u2019h\u00e9sitez pas \u00e0 nous contacter au 03.88.38.28.43 pour faire vos r\u00e9servations.<\/p>\n<p>Le cr\u00e9mant 2013 \u00e9tant \u00e9puis\u00e9, nous pouvons vous proposer le mill\u00e9sime 2014 qui est tr\u00e8s proche du 2013.<\/p>\n","protected":false},"excerpt":{"rendered":"<p>Nos vins prim\u00e9s dans le Guide Hachette des Vins 2017 Les vendanges ont d\u00e9marr\u00e9 sous le soleil et sont accompagn\u00e9es de bonnes nouvelles! Trois de nos cuv\u00e9es ont \u00e9t\u00e9 s\u00e9lectionn\u00e9es dans le \u00ab\u00a0Guide Hachette des vins 2017\u00a0\u00bb Nous vous laissons d\u00e9couvrir ci-dessous les publications. &nbsp; &nbsp; Le cr\u00e9mant 2013 avec un coup de c\u0153ur *** &hellip; <a href=\"https:\/\/vinsrapp.com\/?page_id=494\" class=\"more-link\">Continuer la lecture de <span class=\"screen-reader-text\">Guide Hachette des Vins 2017<\/span>  <span class=\"meta-nav\">&rarr;<\/span><\/a><\/p>\n","protected":false},"author":1,"featured_media":0,"parent":419,"menu_order":7,"comment_status":"closed","ping_status":"open","template":"","meta":{"footnotes":""},"class_list":["post-494","page","type-page","status-publish","hentry"],"_links":{"self":[{"href":"https:\/\/vinsrapp.com\/index.php?rest_route=\/wp\/v2\/pages\/494","targetHints":{"allow":["GET"]}}],"collection":[{"href":"https:\/\/vinsrapp.com\/index.php?rest_route=\/wp\/v2\/pages"}],"about":[{"href":"https:\/\/vinsrapp.com\/index.php?rest_route=\/wp\/v2\/types\/page"}],"author":[{"embeddable":true,"href":"https:\/\/vinsrapp.com\/index.php?rest_route=\/wp\/v2\/users\/1"}],"replies":[{"embeddable":true,"href":"https:\/\/vinsrapp.com\/index.php?rest_route=%2Fwp%2Fv2%2Fcomments&post=494"}],"version-history":[{"count":6,"href":"https:\/\/vinsrapp.com\/index.php?rest_route=\/wp\/v2\/pages\/494\/revisions"}],"predecessor-version":[{"id":697,"href":"https:\/\/vinsrapp.com\/index.php?rest_route=\/wp\/v2\/pages\/494\/revisions\/697"}],"up":[{"embeddable":true,"href":"https:\/\/vinsrapp.com\/index.php?rest_route=\/wp\/v2\/pages\/419"}],"wp:attachment":[{"href":"https:\/\/vinsrapp.com\/index.php?rest_route=%2Fwp%2Fv2%2Fmedia&parent=494"}],"curies":[{"name":"wp","href":"https:\/\/api.w.org\/{rel}","templated":true}]}}