{"id":387,"date":"2015-07-29T20:35:32","date_gmt":"2015-07-29T20:35:32","guid":{"rendered":"http:\/\/vinsrapp.com\/?page_id=387"},"modified":"2025-07-10T14:05:51","modified_gmt":"2025-07-10T14:05:51","slug":"gewurztraminer-cuvee-prestige","status":"publish","type":"page","link":"https:\/\/vinsrapp.com\/?page_id=387","title":{"rendered":"Gewurztraminer Cuv\u00e9e Prestige"},"content":{"rendered":"<h1>LE GEWURZTRAMINER &#8211; CUV\u00c9E PRESTIGE\u00a0 \u00a0AOC Alsace &#8211; Doux<\/h1>\n<p><a href=\"http:\/\/vinsrapp.com\/wp-content\/uploads\/2014\/09\/gewurztraminer.jpg\"><img loading=\"lazy\" decoding=\"async\" class=\"alignnone size-medium wp-image-96\" src=\"http:\/\/vinsrapp.com\/wp-content\/uploads\/2014\/09\/gewurztraminer-211x300.jpg\" alt=\"gewurztraminer\" width=\"211\" height=\"300\" srcset=\"https:\/\/vinsrapp.com\/wp-content\/uploads\/2014\/09\/gewurztraminer-211x300.jpg 211w, https:\/\/vinsrapp.com\/wp-content\/uploads\/2014\/09\/gewurztraminer-722x1024.jpg 722w, https:\/\/vinsrapp.com\/wp-content\/uploads\/2014\/09\/gewurztraminer.jpg 1650w\" sizes=\"auto, (max-width: 211px) 100vw, 211px\" \/><\/a><\/p>\n<h6>C\u00c9PAGE :\u00a0Gewurztraminer<\/h6>\n<h6>ROBE : Jaune d&rsquo;or<\/h6>\n<h6>BOUQUET :\u00a0<strong>La surmaturit\u00e9 des raisins en fait un vin liquoreux aux ar\u00f4mes tr\u00e8s complexes et expressifs.<\/strong><\/h6>\n<h6>ACCORDS :\u00a0Foie gras, ap\u00e9ritif ou dessert<\/h6>\n\n\n<div class=\"wp-block-buttons is-layout-flex wp-block-buttons-is-layout-flex\">\n<div class=\"wp-block-button\"><a class=\"wp-block-button__link has-black-color has-text-color has-background\" href=\"https:\/\/www.vinsrapp.com\/boutique\/aoc-alsace-2\/gewurztraminer-cuvee-prestige-24.html\" style=\"border-radius:7px;background-color:#f5e101\">ACHETER<\/a><\/div>\n<\/div>\n","protected":false},"excerpt":{"rendered":"<p>LE GEWURZTRAMINER &#8211; CUV\u00c9E PRESTIGE\u00a0 \u00a0AOC Alsace &#8211; Doux C\u00c9PAGE :\u00a0Gewurztraminer ROBE : Jaune d&rsquo;or BOUQUET :\u00a0La surmaturit\u00e9 des raisins en fait un vin liquoreux aux ar\u00f4mes tr\u00e8s complexes et expressifs. ACCORDS :\u00a0Foie gras, ap\u00e9ritif ou dessert<\/p>\n","protected":false},"author":1,"featured_media":0,"parent":0,"menu_order":0,"comment_status":"closed","ping_status":"open","template":"","meta":{"footnotes":""},"class_list":["post-387","page","type-page","status-publish","hentry"],"_links":{"self":[{"href":"https:\/\/vinsrapp.com\/index.php?rest_route=\/wp\/v2\/pages\/387","targetHints":{"allow":["GET"]}}],"collection":[{"href":"https:\/\/vinsrapp.com\/index.php?rest_route=\/wp\/v2\/pages"}],"about":[{"href":"https:\/\/vinsrapp.com\/index.php?rest_route=\/wp\/v2\/types\/page"}],"author":[{"embeddable":true,"href":"https:\/\/vinsrapp.com\/index.php?rest_route=\/wp\/v2\/users\/1"}],"replies":[{"embeddable":true,"href":"https:\/\/vinsrapp.com\/index.php?rest_route=%2Fwp%2Fv2%2Fcomments&post=387"}],"version-history":[{"count":11,"href":"https:\/\/vinsrapp.com\/index.php?rest_route=\/wp\/v2\/pages\/387\/revisions"}],"predecessor-version":[{"id":2479,"href":"https:\/\/vinsrapp.com\/index.php?rest_route=\/wp\/v2\/pages\/387\/revisions\/2479"}],"wp:attachment":[{"href":"https:\/\/vinsrapp.com\/index.php?rest_route=%2Fwp%2Fv2%2Fmedia&parent=387"}],"curies":[{"name":"wp","href":"https:\/\/api.w.org\/{rel}","templated":true}]}}