{"id":381,"date":"2015-07-29T20:26:32","date_gmt":"2015-07-29T20:26:32","guid":{"rendered":"http:\/\/vinsrapp.com\/?page_id=381"},"modified":"2025-07-10T14:18:53","modified_gmt":"2025-07-10T14:18:53","slug":"gewurztraminer-2","status":"publish","type":"page","link":"https:\/\/vinsrapp.com\/?page_id=381","title":{"rendered":"Gewurztraminer"},"content":{"rendered":"<h1>LE GEWURZTRAMINER AOC Alsace &#8211; Demi-sec<\/h1>\n<p>Actuellement indisponible<\/p>\n<p><a href=\"http:\/\/vinsrapp.com\/wp-content\/uploads\/2014\/09\/gewurztraminer.jpg\"><img loading=\"lazy\" decoding=\"async\" class=\"alignnone size-medium wp-image-96\" src=\"http:\/\/vinsrapp.com\/wp-content\/uploads\/2014\/09\/gewurztraminer-211x300.jpg\" alt=\"gewurztraminer\" width=\"211\" height=\"300\" srcset=\"https:\/\/vinsrapp.com\/wp-content\/uploads\/2014\/09\/gewurztraminer-211x300.jpg 211w, https:\/\/vinsrapp.com\/wp-content\/uploads\/2014\/09\/gewurztraminer-722x1024.jpg 722w, https:\/\/vinsrapp.com\/wp-content\/uploads\/2014\/09\/gewurztraminer.jpg 1650w\" sizes=\"auto, (max-width: 211px) 100vw, 211px\" \/><\/a><\/p>\n<h6>CEPAGE :\u00a0Gewurztraminer<\/h6>\n<h6>ROBE : Jaune d&rsquo;or<\/h6>\n<h6>BOUQUET :\u00a0Ar\u00f4me caract\u00e9ristique du Gewurztraminer m\u00ealant le litchi, la rose et des notes \u00e9pic\u00e9es. Rond, bien \u00e9quilibr\u00e9 et puissant.<\/h6>\n<h6>ACCORDS :\u00a0Ap\u00e9ritif, cuisine asiatique, munster, dessert<\/h6>\n\n\n<div class=\"wp-block-buttons is-layout-flex wp-block-buttons-is-layout-flex\">\n<div class=\"wp-block-button\"><a class=\"wp-block-button__link has-black-color has-text-color has-background wp-element-button\" href=\"https:\/\/www.vinsrapp.com\/boutique\/aoc-alsace-2\/gewurztraminer-20.html\" style=\"border-radius:7px;background-color:#f5e101\">ACHETER<\/a><\/div>\n<\/div>\n\n\n\n<p><strong>DISTINCTIONS :<\/strong><br><strong><a href=\"http:\/\/vinsrapp.com\/?page_id=395\">Guide Hachette des Vins 2011<\/a><\/strong><\/p>\n","protected":false},"excerpt":{"rendered":"<p>LE GEWURZTRAMINER AOC Alsace &#8211; Demi-sec Actuellement indisponible CEPAGE :\u00a0Gewurztraminer ROBE : Jaune d&rsquo;or BOUQUET :\u00a0Ar\u00f4me caract\u00e9ristique du Gewurztraminer m\u00ealant le litchi, la rose et des notes \u00e9pic\u00e9es. Rond, bien \u00e9quilibr\u00e9 et puissant. ACCORDS :\u00a0Ap\u00e9ritif, cuisine asiatique, munster, dessert DISTINCTIONS :Guide Hachette des Vins 2011<\/p>\n","protected":false},"author":1,"featured_media":0,"parent":0,"menu_order":0,"comment_status":"closed","ping_status":"open","template":"","meta":{"footnotes":""},"class_list":["post-381","page","type-page","status-publish","hentry"],"_links":{"self":[{"href":"https:\/\/vinsrapp.com\/index.php?rest_route=\/wp\/v2\/pages\/381","targetHints":{"allow":["GET"]}}],"collection":[{"href":"https:\/\/vinsrapp.com\/index.php?rest_route=\/wp\/v2\/pages"}],"about":[{"href":"https:\/\/vinsrapp.com\/index.php?rest_route=\/wp\/v2\/types\/page"}],"author":[{"embeddable":true,"href":"https:\/\/vinsrapp.com\/index.php?rest_route=\/wp\/v2\/users\/1"}],"replies":[{"embeddable":true,"href":"https:\/\/vinsrapp.com\/index.php?rest_route=%2Fwp%2Fv2%2Fcomments&post=381"}],"version-history":[{"count":15,"href":"https:\/\/vinsrapp.com\/index.php?rest_route=\/wp\/v2\/pages\/381\/revisions"}],"predecessor-version":[{"id":2647,"href":"https:\/\/vinsrapp.com\/index.php?rest_route=\/wp\/v2\/pages\/381\/revisions\/2647"}],"wp:attachment":[{"href":"https:\/\/vinsrapp.com\/index.php?rest_route=%2Fwp%2Fv2%2Fmedia&parent=381"}],"curies":[{"name":"wp","href":"https:\/\/api.w.org\/{rel}","templated":true}]}}