{"id":354,"date":"2015-07-29T19:45:05","date_gmt":"2015-07-29T19:45:05","guid":{"rendered":"http:\/\/vinsrapp.com\/?page_id=354"},"modified":"2025-07-10T14:05:51","modified_gmt":"2025-07-10T14:05:51","slug":"le-rose","status":"publish","type":"page","link":"https:\/\/vinsrapp.com\/?page_id=354","title":{"rendered":"Le Ros\u00e9"},"content":{"rendered":"\n<p><\/p>\n\n\n<h1>Le Ros\u00e9 \u00a0Vin de France<\/h1>\n<h6><a style=\"color: #41a62a;\" href=\"http:\/\/vinsrapp.com\/wp-content\/uploads\/2014\/09\/pinot-noir-raisin.jpg\"><img loading=\"lazy\" decoding=\"async\" class=\"alignnone size-medium wp-image-154\" src=\"http:\/\/vinsrapp.com\/wp-content\/uploads\/2014\/09\/pinot-noir-raisin-190x300.jpg\" alt=\"pinot noir raisin\" width=\"190\" height=\"300\" srcset=\"https:\/\/vinsrapp.com\/wp-content\/uploads\/2014\/09\/pinot-noir-raisin-190x300.jpg 190w, https:\/\/vinsrapp.com\/wp-content\/uploads\/2014\/09\/pinot-noir-raisin-649x1024.jpg 649w, https:\/\/vinsrapp.com\/wp-content\/uploads\/2014\/09\/pinot-noir-raisin.jpg 1650w\" sizes=\"auto, (max-width: 190px) 100vw, 190px\" \/><\/a><\/h6>\n<h6>C\u00c9PAGE :\u00a0Pinot noir<\/h6>\n<h6>ROBE : Ros\u00e9e<\/h6>\n<h6>BOUQUET : Le Ros\u00e9 pr\u00e9sente des ar\u00f4mes de fruits rouge, une belle fra\u00eecheur et une belle rondeur qui le caract\u00e9risent. Le ros\u00e9 est un vin gouleyant id\u00e9al pour vous accompagner tout l&rsquo;\u00e9t\u00e9!<\/h6>\n<h6>ACCORDS :\u00a0Grillades<\/h6>\n<h6>\u00a0ATTENTION : Le ros\u00e9 n&rsquo;est disponible qu&rsquo;en quantit\u00e9 limit\u00e9e alors profitez en rapidement !<\/h6>\n\n\n<div class=\"wp-block-buttons is-layout-flex wp-block-buttons-is-layout-flex\">\n<div class=\"wp-block-button\"><a class=\"wp-block-button__link has-black-color has-text-color has-background\" style=\"background-color:#f5e101\">ACHETER<\/a><\/div>\n<\/div>\n","protected":false},"excerpt":{"rendered":"<p>Le Ros\u00e9 \u00a0Vin de France C\u00c9PAGE :\u00a0Pinot noir ROBE : Ros\u00e9e BOUQUET : Le Ros\u00e9 pr\u00e9sente des ar\u00f4mes de fruits rouge, une belle fra\u00eecheur et une belle rondeur qui le caract\u00e9risent. Le ros\u00e9 est un vin gouleyant id\u00e9al pour vous accompagner tout l&rsquo;\u00e9t\u00e9! ACCORDS :\u00a0Grillades \u00a0ATTENTION : Le ros\u00e9 n&rsquo;est disponible qu&rsquo;en quantit\u00e9 limit\u00e9e alors &hellip; <a href=\"https:\/\/vinsrapp.com\/?page_id=354\" class=\"more-link\">Continuer la lecture de <span class=\"screen-reader-text\">Le Ros\u00e9<\/span>  <span class=\"meta-nav\">&rarr;<\/span><\/a><\/p>\n","protected":false},"author":1,"featured_media":0,"parent":0,"menu_order":0,"comment_status":"closed","ping_status":"open","template":"","meta":{"footnotes":""},"class_list":["post-354","page","type-page","status-publish","hentry"],"_links":{"self":[{"href":"https:\/\/vinsrapp.com\/index.php?rest_route=\/wp\/v2\/pages\/354","targetHints":{"allow":["GET"]}}],"collection":[{"href":"https:\/\/vinsrapp.com\/index.php?rest_route=\/wp\/v2\/pages"}],"about":[{"href":"https:\/\/vinsrapp.com\/index.php?rest_route=\/wp\/v2\/types\/page"}],"author":[{"embeddable":true,"href":"https:\/\/vinsrapp.com\/index.php?rest_route=\/wp\/v2\/users\/1"}],"replies":[{"embeddable":true,"href":"https:\/\/vinsrapp.com\/index.php?rest_route=%2Fwp%2Fv2%2Fcomments&post=354"}],"version-history":[{"count":13,"href":"https:\/\/vinsrapp.com\/index.php?rest_route=\/wp\/v2\/pages\/354\/revisions"}],"predecessor-version":[{"id":2464,"href":"https:\/\/vinsrapp.com\/index.php?rest_route=\/wp\/v2\/pages\/354\/revisions\/2464"}],"wp:attachment":[{"href":"https:\/\/vinsrapp.com\/index.php?rest_route=%2Fwp%2Fv2%2Fmedia&parent=354"}],"curies":[{"name":"wp","href":"https:\/\/api.w.org\/{rel}","templated":true}]}}