{"id":348,"date":"2015-07-29T19:35:02","date_gmt":"2015-07-29T19:35:02","guid":{"rendered":"http:\/\/vinsrapp.com\/?page_id=348"},"modified":"2025-07-10T14:05:51","modified_gmt":"2025-07-10T14:05:51","slug":"pinot-gris-2","status":"publish","type":"page","link":"https:\/\/vinsrapp.com\/?page_id=348","title":{"rendered":"Pinot Gris"},"content":{"rendered":"<h1>LE PINOT GRIS AOC Alsace &#8211; Demi-Sec<\/h1>\n<p><a href=\"http:\/\/vinsrapp.com\/wp-content\/uploads\/2015\/07\/photo_0091-Copie.jpg\"><img loading=\"lazy\" decoding=\"async\" class=\"alignnone size-medium wp-image-731\" src=\"http:\/\/vinsrapp.com\/wp-content\/uploads\/2015\/07\/photo_0091-Copie-232x300.jpg\" alt=\"photo_0091 - Copie\" width=\"232\" height=\"300\" srcset=\"https:\/\/vinsrapp.com\/wp-content\/uploads\/2015\/07\/photo_0091-Copie-232x300.jpg 232w, https:\/\/vinsrapp.com\/wp-content\/uploads\/2015\/07\/photo_0091-Copie-792x1024.jpg 792w, https:\/\/vinsrapp.com\/wp-content\/uploads\/2015\/07\/photo_0091-Copie.jpg 1219w\" sizes=\"auto, (max-width: 232px) 100vw, 232px\" \/><\/a><\/p>\n<h6>CEPAGE :\u00a0Pinot Gris<\/h6>\n<h6>ROBE : Jaune\u00a0dor\u00e9 soutenu avec des reflets paille<\/h6>\n<h6>BOUQUET : Charpent\u00e9, rond et long en bouche, ar\u00f4mes complexes l\u00e9g\u00e8rement fum\u00e9s et de sous bois<\/h6>\n<h6>ACCORDS :\u00a0Volailles, r\u00f4tis et gibiers<\/h6>\n<p><a href=\"http:\/\/vinsrapp.com\/wp-content\/uploads\/2019\/09\/echelle-Demisec.bmp\"><img loading=\"lazy\" decoding=\"async\" class=\"alignnone size-medium wp-image-1969\" src=\"http:\/\/vinsrapp.com\/wp-content\/uploads\/2019\/09\/echelle-Demisec-300x51.jpg\" alt=\"\" width=\"300\" height=\"51\" srcset=\"https:\/\/vinsrapp.com\/wp-content\/uploads\/2019\/09\/echelle-Demisec-300x51.jpg 300w, https:\/\/vinsrapp.com\/wp-content\/uploads\/2019\/09\/echelle-Demisec.bmp 306w\" sizes=\"auto, (max-width: 300px) 100vw, 300px\" \/><\/a><\/p>\n\n\n<div class=\"wp-block-buttons is-layout-flex wp-block-buttons-is-layout-flex\">\n<div class=\"wp-block-button\"><a class=\"wp-block-button__link has-black-color has-text-color has-background\" href=\"https:\/\/www.vinsrapp.com\/boutique\/aoc-alsace-2\/pinot-gris-18.html\" style=\"border-radius:7px;background-color:#f5e101\">ACHETER<\/a><\/div>\n<\/div>\n","protected":false},"excerpt":{"rendered":"<p>LE PINOT GRIS AOC Alsace &#8211; Demi-Sec CEPAGE :\u00a0Pinot Gris ROBE : Jaune\u00a0dor\u00e9 soutenu avec des reflets paille BOUQUET : Charpent\u00e9, rond et long en bouche, ar\u00f4mes complexes l\u00e9g\u00e8rement fum\u00e9s et de sous bois ACCORDS :\u00a0Volailles, r\u00f4tis et gibiers<\/p>\n","protected":false},"author":1,"featured_media":0,"parent":0,"menu_order":0,"comment_status":"closed","ping_status":"open","template":"","meta":{"footnotes":""},"class_list":["post-348","page","type-page","status-publish","hentry"],"_links":{"self":[{"href":"https:\/\/vinsrapp.com\/index.php?rest_route=\/wp\/v2\/pages\/348","targetHints":{"allow":["GET"]}}],"collection":[{"href":"https:\/\/vinsrapp.com\/index.php?rest_route=\/wp\/v2\/pages"}],"about":[{"href":"https:\/\/vinsrapp.com\/index.php?rest_route=\/wp\/v2\/types\/page"}],"author":[{"embeddable":true,"href":"https:\/\/vinsrapp.com\/index.php?rest_route=\/wp\/v2\/users\/1"}],"replies":[{"embeddable":true,"href":"https:\/\/vinsrapp.com\/index.php?rest_route=%2Fwp%2Fv2%2Fcomments&post=348"}],"version-history":[{"count":10,"href":"https:\/\/vinsrapp.com\/index.php?rest_route=\/wp\/v2\/pages\/348\/revisions"}],"predecessor-version":[{"id":2465,"href":"https:\/\/vinsrapp.com\/index.php?rest_route=\/wp\/v2\/pages\/348\/revisions\/2465"}],"wp:attachment":[{"href":"https:\/\/vinsrapp.com\/index.php?rest_route=%2Fwp%2Fv2%2Fmedia&parent=348"}],"curies":[{"name":"wp","href":"https:\/\/api.w.org\/{rel}","templated":true}]}}