{"id":271,"date":"2015-05-10T07:55:55","date_gmt":"2015-05-10T07:55:55","guid":{"rendered":"http:\/\/vinsrapp.com\/?page_id=271"},"modified":"2025-07-10T14:05:51","modified_gmt":"2025-07-10T14:05:51","slug":"les-larmes-de-thor","status":"publish","type":"page","link":"https:\/\/vinsrapp.com\/?page_id=271","title":{"rendered":"Les Larmes de Thor"},"content":{"rendered":"<h1>LES LARMES DE THOR AOC Alsace Moelleux<\/h1>\n<p><img loading=\"lazy\" decoding=\"async\" class=\"alignnone wp-image-139\" src=\"http:\/\/vinsrapp.com\/wp-content\/uploads\/2014\/09\/muscat-raisin-200x300.jpg\" alt=\"muscat raisin\" width=\"110\" height=\"165\" srcset=\"https:\/\/vinsrapp.com\/wp-content\/uploads\/2014\/09\/muscat-raisin-200x300.jpg 200w, https:\/\/vinsrapp.com\/wp-content\/uploads\/2014\/09\/muscat-raisin-684x1024.jpg 684w, https:\/\/vinsrapp.com\/wp-content\/uploads\/2014\/09\/muscat-raisin.jpg 1470w\" sizes=\"auto, (max-width: 110px) 100vw, 110px\" \/>\u00a0<img loading=\"lazy\" decoding=\"async\" class=\"alignnone wp-image-96\" src=\"http:\/\/vinsrapp.com\/wp-content\/uploads\/2014\/09\/gewurztraminer-211x300.jpg\" alt=\"gewurztraminer\" width=\"114\" height=\"162\" srcset=\"https:\/\/vinsrapp.com\/wp-content\/uploads\/2014\/09\/gewurztraminer-211x300.jpg 211w, https:\/\/vinsrapp.com\/wp-content\/uploads\/2014\/09\/gewurztraminer-722x1024.jpg 722w, https:\/\/vinsrapp.com\/wp-content\/uploads\/2014\/09\/gewurztraminer.jpg 1650w\" sizes=\"auto, (max-width: 114px) 100vw, 114px\" \/> <img loading=\"lazy\" decoding=\"async\" class=\"alignnone wp-image-2204 \" src=\"https:\/\/vinsrapp.com\/wp-content\/uploads\/2020\/05\/Etiq_Larmes_Thor-Fond-noir-217x300.jpg\" alt=\"\" width=\"116\" height=\"160\" srcset=\"https:\/\/vinsrapp.com\/wp-content\/uploads\/2020\/05\/Etiq_Larmes_Thor-Fond-noir-217x300.jpg 217w, https:\/\/vinsrapp.com\/wp-content\/uploads\/2020\/05\/Etiq_Larmes_Thor-Fond-noir-768x1061.jpg 768w, https:\/\/vinsrapp.com\/wp-content\/uploads\/2020\/05\/Etiq_Larmes_Thor-Fond-noir-741x1024.jpg 741w, https:\/\/vinsrapp.com\/wp-content\/uploads\/2020\/05\/Etiq_Larmes_Thor-Fond-noir.jpg 945w\" sizes=\"auto, (max-width: 116px) 100vw, 116px\" \/><!--StartFragment--><\/p>\n<h1>\u00a0CEPAGES : Muscat et Gewurztraminer<\/h1>\n<p><!--EndFragment--><\/p>\n<h6>SPECIFICITES : Assemblage de 2 c\u00e9pages issus d&rsquo;une m\u00eame parcelle de vignes. Ce vin offre toute la complexit\u00e9 de ces 2 c\u00e9pages.<br \/>ROBE : Vert clair aux accents dor\u00e9s<br \/>BOUQUET : Belle harmonie des ar\u00f4mes de Muscat et Gewurztraminer et belle fra\u00eecheur sublim\u00e9e par des ar\u00f4mes de fruits frais et un soup\u00e7on de rondeur et de puissance<\/h6>\n<h6>ACCORDS : Aussi int\u00e9ressant en ap\u00e9ritif qu&rsquo;avec une viande grill\u00e9e<\/h6>\n<p>\u00a0<\/p>\n\n\n<div class=\"wp-block-buttons is-layout-flex wp-block-buttons-is-layout-flex\">\n<div class=\"wp-block-button\"><a class=\"wp-block-button__link has-black-color has-text-color has-background\" href=\"https:\/\/www.vinsrapp.com\/boutique\/aoc-alsace-2\/les-larmes-de-thor-17.html\" style=\"border-radius:7px;background-color:#f5e101\">ACHETER<\/a><\/div>\n<\/div>\n\n\n\n<p><strong>DISTINCTIONS :<\/strong><\/p>\n\n\n\n<p><a href=\"http:\/\/vinsrapp.com\/?page_id=967\"><strong>1001degustations.com : **<\/strong><\/a><br><a href=\"http:\/\/vinsrapp.com\/?page_id=494\"><strong>Guide Hachette des Vins 2017<br><\/strong><\/a><a href=\"http:\/\/vinsrapp.com\/?page_id=399\"><strong>Guide Hachette des Vins 2013<\/strong><\/a><\/p>\n","protected":false},"excerpt":{"rendered":"<p>LES LARMES DE THOR AOC Alsace Moelleux \u00a0 \u00a0CEPAGES : Muscat et Gewurztraminer SPECIFICITES : Assemblage de 2 c\u00e9pages issus d&rsquo;une m\u00eame parcelle de vignes. Ce vin offre toute la complexit\u00e9 de ces 2 c\u00e9pages.ROBE : Vert clair aux accents dor\u00e9sBOUQUET : Belle harmonie des ar\u00f4mes de Muscat et Gewurztraminer et belle fra\u00eecheur sublim\u00e9e par &hellip; <a href=\"https:\/\/vinsrapp.com\/?page_id=271\" class=\"more-link\">Continuer la lecture de <span class=\"screen-reader-text\">Les Larmes de Thor<\/span>  <span class=\"meta-nav\">&rarr;<\/span><\/a><\/p>\n","protected":false},"author":1,"featured_media":0,"parent":0,"menu_order":0,"comment_status":"closed","ping_status":"open","template":"","meta":{"footnotes":""},"class_list":["post-271","page","type-page","status-publish","hentry"],"_links":{"self":[{"href":"https:\/\/vinsrapp.com\/index.php?rest_route=\/wp\/v2\/pages\/271","targetHints":{"allow":["GET"]}}],"collection":[{"href":"https:\/\/vinsrapp.com\/index.php?rest_route=\/wp\/v2\/pages"}],"about":[{"href":"https:\/\/vinsrapp.com\/index.php?rest_route=\/wp\/v2\/types\/page"}],"author":[{"embeddable":true,"href":"https:\/\/vinsrapp.com\/index.php?rest_route=\/wp\/v2\/users\/1"}],"replies":[{"embeddable":true,"href":"https:\/\/vinsrapp.com\/index.php?rest_route=%2Fwp%2Fv2%2Fcomments&post=271"}],"version-history":[{"count":19,"href":"https:\/\/vinsrapp.com\/index.php?rest_route=\/wp\/v2\/pages\/271\/revisions"}],"predecessor-version":[{"id":2547,"href":"https:\/\/vinsrapp.com\/index.php?rest_route=\/wp\/v2\/pages\/271\/revisions\/2547"}],"wp:attachment":[{"href":"https:\/\/vinsrapp.com\/index.php?rest_route=%2Fwp%2Fv2%2Fmedia&parent=271"}],"curies":[{"name":"wp","href":"https:\/\/api.w.org\/{rel}","templated":true}]}}