{"id":265,"date":"2015-05-10T07:46:12","date_gmt":"2015-05-10T07:46:12","guid":{"rendered":"http:\/\/vinsrapp.com\/?page_id=265"},"modified":"2025-07-10T14:05:51","modified_gmt":"2025-07-10T14:05:51","slug":"pinot-noir-2","status":"publish","type":"page","link":"https:\/\/vinsrapp.com\/?page_id=265","title":{"rendered":"Pinot Noir"},"content":{"rendered":"<h1>LE PINOT NOIR AOC Alsace &#8211; Sec<\/h1>\n<p><a href=\"http:\/\/vinsrapp.com\/wp-content\/uploads\/2014\/09\/pinot-noir-raisin.jpg\"><img loading=\"lazy\" decoding=\"async\" class=\"alignnone size-medium wp-image-154\" src=\"http:\/\/vinsrapp.com\/wp-content\/uploads\/2014\/09\/pinot-noir-raisin-190x300.jpg\" alt=\"pinot noir raisin\" width=\"190\" height=\"300\" srcset=\"https:\/\/vinsrapp.com\/wp-content\/uploads\/2014\/09\/pinot-noir-raisin-190x300.jpg 190w, https:\/\/vinsrapp.com\/wp-content\/uploads\/2014\/09\/pinot-noir-raisin-649x1024.jpg 649w, https:\/\/vinsrapp.com\/wp-content\/uploads\/2014\/09\/pinot-noir-raisin.jpg 1650w\" sizes=\"auto, (max-width: 190px) 100vw, 190px\" \/><\/a><\/p>\n<h6>CEPAGE : Pinot Noir<\/h6>\n<h6>ROBE : Rouge rubis avec des teintes de pourpre<\/h6>\n<h6>BOUQUET : Principalement domin\u00e9 par des ar\u00f4mes de fruits rouges (cerise et cassis), puissance aromatique int\u00e9ressante, finesse et \u00e9quilibre en bouche<\/h6>\n<h6>ACCORDS : Viandes rouges, charcuterie et fromages \u00e0 cro\u00fbte fleurie<\/h6>\n\n\n<div class=\"wp-block-buttons is-layout-flex wp-block-buttons-is-layout-flex\">\n<div class=\"wp-block-button\"><a class=\"wp-block-button__link has-black-color has-text-color has-background\" href=\"https:\/\/www.vinsrapp.com\/boutique\/aoc-alsace-2\/pinot-noir-15.html\" style=\"border-radius:7px;background-color:#f5e101\">ACHETER<\/a><\/div>\n<\/div>\n","protected":false},"excerpt":{"rendered":"<p>LE PINOT NOIR AOC Alsace &#8211; Sec CEPAGE : Pinot Noir ROBE : Rouge rubis avec des teintes de pourpre BOUQUET : Principalement domin\u00e9 par des ar\u00f4mes de fruits rouges (cerise et cassis), puissance aromatique int\u00e9ressante, finesse et \u00e9quilibre en bouche ACCORDS : Viandes rouges, charcuterie et fromages \u00e0 cro\u00fbte fleurie<\/p>\n","protected":false},"author":1,"featured_media":0,"parent":0,"menu_order":0,"comment_status":"closed","ping_status":"open","template":"","meta":{"footnotes":""},"class_list":["post-265","page","type-page","status-publish","hentry"],"_links":{"self":[{"href":"https:\/\/vinsrapp.com\/index.php?rest_route=\/wp\/v2\/pages\/265","targetHints":{"allow":["GET"]}}],"collection":[{"href":"https:\/\/vinsrapp.com\/index.php?rest_route=\/wp\/v2\/pages"}],"about":[{"href":"https:\/\/vinsrapp.com\/index.php?rest_route=\/wp\/v2\/types\/page"}],"author":[{"embeddable":true,"href":"https:\/\/vinsrapp.com\/index.php?rest_route=\/wp\/v2\/users\/1"}],"replies":[{"embeddable":true,"href":"https:\/\/vinsrapp.com\/index.php?rest_route=%2Fwp%2Fv2%2Fcomments&post=265"}],"version-history":[{"count":13,"href":"https:\/\/vinsrapp.com\/index.php?rest_route=\/wp\/v2\/pages\/265\/revisions"}],"predecessor-version":[{"id":2482,"href":"https:\/\/vinsrapp.com\/index.php?rest_route=\/wp\/v2\/pages\/265\/revisions\/2482"}],"wp:attachment":[{"href":"https:\/\/vinsrapp.com\/index.php?rest_route=%2Fwp%2Fv2%2Fmedia&parent=265"}],"curies":[{"name":"wp","href":"https:\/\/api.w.org\/{rel}","templated":true}]}}