{"id":2628,"date":"2025-07-10T13:21:14","date_gmt":"2025-07-10T13:21:14","guid":{"rendered":"https:\/\/vinsrapp.com\/?page_id=2628"},"modified":"2025-07-10T14:17:41","modified_gmt":"2025-07-10T14:17:41","slug":"edelzwicker-0-75l-ou-1l","status":"publish","type":"page","link":"https:\/\/vinsrapp.com\/?page_id=2628","title":{"rendered":"EDELZWICKER 0.75L ou 1L"},"content":{"rendered":"<h1>L&rsquo; EDELZWICKER AOC Alsace &#8211; Sec<\/h1>\n<p><a href=\"http:\/\/vinsrapp.com\/wp-content\/uploads\/2014\/09\/pinot-blanc-raisin.jpg\"><img loading=\"lazy\" decoding=\"async\" class=\"alignnone size-medium wp-image-150\" src=\"http:\/\/vinsrapp.com\/wp-content\/uploads\/2014\/09\/pinot-blanc-raisin-196x300.jpg\" alt=\"pinot blanc raisin\" width=\"196\" height=\"300\" srcset=\"https:\/\/vinsrapp.com\/wp-content\/uploads\/2014\/09\/pinot-blanc-raisin-196x300.jpg 196w, https:\/\/vinsrapp.com\/wp-content\/uploads\/2014\/09\/pinot-blanc-raisin-669x1024.jpg 669w, https:\/\/vinsrapp.com\/wp-content\/uploads\/2014\/09\/pinot-blanc-raisin.jpg 1710w\" sizes=\"auto, (max-width: 196px) 100vw, 196px\" \/><\/a><\/p>\n<h6>CEPAGE : Assemblage de diff\u00e9rents c\u00e9pages<\/h6>\n<h6>ROBE : Jaune p\u00e2le, brillant, limpide avec de l\u00e9gers reflets verts<\/h6>\n<h6>BOUQUET : Sec, fruit\u00e9 et gouleyant<\/h6>\n<h6>ACCORDS : Vin tr\u00e8s polyvalent<\/h6>\n<p><strong>Disponible en bouteilles de 75cL et d&rsquo;1 Litre<\/strong><\/p>\n\n\n<div class=\"wp-block-buttons is-layout-flex wp-block-buttons-is-layout-flex\">\n<div class=\"wp-block-button\"><a class=\"wp-block-button__link has-black-color has-text-color has-background wp-element-button\" href=\"https:\/\/www.vinsrapp.com\/boutique\/aoc-alsace-2\/edelzwicker-0-75l-demi-sec-14.html\" style=\"border-radius:5px;background-color:#f5e101\">ACHETER<\/a><\/div>\n<\/div>\n\n\n\n<p><\/p>\n","protected":false},"excerpt":{"rendered":"<p>L&rsquo; EDELZWICKER AOC Alsace &#8211; Sec CEPAGE : Assemblage de diff\u00e9rents c\u00e9pages ROBE : Jaune p\u00e2le, brillant, limpide avec de l\u00e9gers reflets verts BOUQUET : Sec, fruit\u00e9 et gouleyant ACCORDS : Vin tr\u00e8s polyvalent Disponible en bouteilles de 75cL et d&rsquo;1 Litre<\/p>\n","protected":false},"author":1,"featured_media":0,"parent":0,"menu_order":0,"comment_status":"closed","ping_status":"closed","template":"","meta":{"footnotes":""},"class_list":["post-2628","page","type-page","status-publish","hentry"],"_links":{"self":[{"href":"https:\/\/vinsrapp.com\/index.php?rest_route=\/wp\/v2\/pages\/2628","targetHints":{"allow":["GET"]}}],"collection":[{"href":"https:\/\/vinsrapp.com\/index.php?rest_route=\/wp\/v2\/pages"}],"about":[{"href":"https:\/\/vinsrapp.com\/index.php?rest_route=\/wp\/v2\/types\/page"}],"author":[{"embeddable":true,"href":"https:\/\/vinsrapp.com\/index.php?rest_route=\/wp\/v2\/users\/1"}],"replies":[{"embeddable":true,"href":"https:\/\/vinsrapp.com\/index.php?rest_route=%2Fwp%2Fv2%2Fcomments&post=2628"}],"version-history":[{"count":3,"href":"https:\/\/vinsrapp.com\/index.php?rest_route=\/wp\/v2\/pages\/2628\/revisions"}],"predecessor-version":[{"id":2646,"href":"https:\/\/vinsrapp.com\/index.php?rest_route=\/wp\/v2\/pages\/2628\/revisions\/2646"}],"wp:attachment":[{"href":"https:\/\/vinsrapp.com\/index.php?rest_route=%2Fwp%2Fv2%2Fmedia&parent=2628"}],"curies":[{"name":"wp","href":"https:\/\/api.w.org\/{rel}","templated":true}]}}