{"id":2610,"date":"2025-07-10T12:34:48","date_gmt":"2025-07-10T12:34:48","guid":{"rendered":"https:\/\/vinsrapp.com\/?page_id=2610"},"modified":"2025-07-10T14:05:51","modified_gmt":"2025-07-10T14:05:51","slug":"g","status":"publish","type":"page","link":"https:\/\/vinsrapp.com\/?page_id=2610","title":{"rendered":"GEWURZTRAMINER HUSAREN"},"content":{"rendered":"\n<h1 class=\"wp-block-heading\">LE GEWURZTRAMINER Husaren AOC Alsace &#8211; Moelleux<\/h1>\n\n\n<div class=\"wp-block-image\">\n<figure class=\"aligncenter\"><a href=\"http:\/\/vinsrapp.com\/wp-content\/uploads\/2014\/09\/gewurztraminer.jpg\"><img loading=\"lazy\" decoding=\"async\" width=\"211\" height=\"300\" src=\"http:\/\/vinsrapp.com\/wp-content\/uploads\/2014\/09\/gewurztraminer-211x300.jpg\" alt=\"gewurztraminer\" class=\"wp-image-96\" srcset=\"https:\/\/vinsrapp.com\/wp-content\/uploads\/2014\/09\/gewurztraminer-211x300.jpg 211w, https:\/\/vinsrapp.com\/wp-content\/uploads\/2014\/09\/gewurztraminer-722x1024.jpg 722w, https:\/\/vinsrapp.com\/wp-content\/uploads\/2014\/09\/gewurztraminer.jpg 1650w\" sizes=\"auto, (max-width: 211px) 100vw, 211px\" \/><\/a><\/figure>\n<\/div>\n\n\n<h6 class=\"wp-block-heading\">C\u00c9PAGE :&nbsp;Gewurztraminer<\/h6>\n\n\n\n<h6 class=\"wp-block-heading\">ROBE : Jaune d&rsquo;or<\/h6>\n\n\n\n<h6 class=\"wp-block-heading\">BOUQUET : Expressif, fin, rac\u00e9, ce gewurztraminer pr\u00e9sente des ar\u00f4mes pr\u00e9cis et puissants aux notes de p\u00e9tale de rose et d\u2019\u00e9pices.<\/h6>\n\n\n\n<h6 class=\"wp-block-heading\">ACCORDS : Ap\u00e9ritif, cuisine asiatique, munster ou autres fromages forts, dessert<\/h6>\n\n\n\n<div class=\"wp-block-buttons is-layout-flex wp-block-buttons-is-layout-flex\">\n<div class=\"wp-block-button\"><a class=\"wp-block-button__link has-black-color has-text-color has-background wp-element-button\" href=\"https:\/\/www.vinsrapp.com\/boutique\/aoc-alsace-2\/gewurztraminer-husaren-moelleux-22.html\" style=\"border-radius:7px;background-color:#f5e101\">ACHETER<\/a><\/div>\n<\/div>\n\n\n\n<p><\/p>\n","protected":false},"excerpt":{"rendered":"<p>LE GEWURZTRAMINER Husaren AOC Alsace &#8211; Moelleux C\u00c9PAGE :&nbsp;Gewurztraminer ROBE : Jaune d&rsquo;or BOUQUET : Expressif, fin, rac\u00e9, ce gewurztraminer pr\u00e9sente des ar\u00f4mes pr\u00e9cis et puissants aux notes de p\u00e9tale de rose et d\u2019\u00e9pices. ACCORDS : Ap\u00e9ritif, cuisine asiatique, munster ou autres fromages forts, dessert<\/p>\n","protected":false},"author":1,"featured_media":0,"parent":0,"menu_order":0,"comment_status":"closed","ping_status":"closed","template":"","meta":{"footnotes":""},"class_list":["post-2610","page","type-page","status-publish","hentry"],"_links":{"self":[{"href":"https:\/\/vinsrapp.com\/index.php?rest_route=\/wp\/v2\/pages\/2610","targetHints":{"allow":["GET"]}}],"collection":[{"href":"https:\/\/vinsrapp.com\/index.php?rest_route=\/wp\/v2\/pages"}],"about":[{"href":"https:\/\/vinsrapp.com\/index.php?rest_route=\/wp\/v2\/types\/page"}],"author":[{"embeddable":true,"href":"https:\/\/vinsrapp.com\/index.php?rest_route=\/wp\/v2\/users\/1"}],"replies":[{"embeddable":true,"href":"https:\/\/vinsrapp.com\/index.php?rest_route=%2Fwp%2Fv2%2Fcomments&post=2610"}],"version-history":[{"count":5,"href":"https:\/\/vinsrapp.com\/index.php?rest_route=\/wp\/v2\/pages\/2610\/revisions"}],"predecessor-version":[{"id":2635,"href":"https:\/\/vinsrapp.com\/index.php?rest_route=\/wp\/v2\/pages\/2610\/revisions\/2635"}],"wp:attachment":[{"href":"https:\/\/vinsrapp.com\/index.php?rest_route=%2Fwp%2Fv2%2Fmedia&parent=2610"}],"curies":[{"name":"wp","href":"https:\/\/api.w.org\/{rel}","templated":true}]}}