{"id":2538,"date":"2025-07-10T12:16:52","date_gmt":"2025-07-10T12:16:52","guid":{"rendered":"https:\/\/vinsrapp.com\/?page_id=2538"},"modified":"2025-07-10T14:05:32","modified_gmt":"2025-07-10T14:05:32","slug":"cremant-patience","status":"publish","type":"page","link":"https:\/\/vinsrapp.com\/?page_id=2538","title":{"rendered":"CR\u00c9MANT  \u00ab\u00a0Patience\u00a0\u00bb"},"content":{"rendered":"\n<figure class=\"wp-block-image size-large is-resized\"><img loading=\"lazy\" decoding=\"async\" width=\"249\" height=\"1024\" src=\"https:\/\/vinsrapp.com\/wp-content\/uploads\/2024\/09\/Patience-detoure-2-249x1024.jpg\" alt=\"\" class=\"wp-image-2542\" style=\"width:65px;height:268px\" srcset=\"https:\/\/vinsrapp.com\/wp-content\/uploads\/2024\/09\/Patience-detoure-2-249x1024.jpg 249w, https:\/\/vinsrapp.com\/wp-content\/uploads\/2024\/09\/Patience-detoure-2-73x300.jpg 73w, https:\/\/vinsrapp.com\/wp-content\/uploads\/2024\/09\/Patience-detoure-2-374x1536.jpg 374w\" sizes=\"auto, (max-width: 249px) 100vw, 249px\" \/><\/figure>\n\n\n\n<h6 class=\"wp-block-heading\">C\u00c9PAGE : Cuv\u00e9e perp\u00e9tuelle de pur Chardonnay <\/h6>\n\n\n\n<h6 class=\"wp-block-heading\">ROBE : Jaune p\u00e2le et brillant, limpide avec de fines bulles<\/h6>\n\n\n\n<h6 class=\"wp-block-heading\">BOUQUET : \u00ab\u00a0Patience\u00a0\u00bb est un cr\u00e9mant d&rsquo;exception. \u00c9labor\u00e9 avec la m\u00e9thode de la Solera dite m\u00e9thode perp\u00e9tuelle. Il r\u00e9v\u00e8le toute la puissance ar\u00f4matique des diff\u00e9rents mill\u00e9simes qui le composent.<\/h6>\n\n\n\n<h6 class=\"wp-block-heading\">ACCORDS : Le vin de tous les grands \u00e9v\u00e8nements<\/h6>\n\n\n\n<div class=\"wp-block-buttons is-layout-flex wp-block-buttons-is-layout-flex\">\n<div class=\"wp-block-button\"><a class=\"wp-block-button__link has-black-color has-text-color has-background wp-element-button\" href=\"https:\/\/www.vinsrapp.com\/boutique\/aoc-cremants-d-alsace-1\/cremant-brut-nature-patience--3.html\" style=\"border-radius:7px;background-color:#f5e101\">ACHETER<\/a><\/div>\n<\/div>\n\n\n\n<p><\/p>\n","protected":false},"excerpt":{"rendered":"<p>C\u00c9PAGE : Cuv\u00e9e perp\u00e9tuelle de pur Chardonnay ROBE : Jaune p\u00e2le et brillant, limpide avec de fines bulles BOUQUET : \u00ab\u00a0Patience\u00a0\u00bb est un cr\u00e9mant d&rsquo;exception. \u00c9labor\u00e9 avec la m\u00e9thode de la Solera dite m\u00e9thode perp\u00e9tuelle. Il r\u00e9v\u00e8le toute la puissance ar\u00f4matique des diff\u00e9rents mill\u00e9simes qui le composent. ACCORDS : Le vin de tous les grands &hellip; <a href=\"https:\/\/vinsrapp.com\/?page_id=2538\" class=\"more-link\">Continuer la lecture de <span class=\"screen-reader-text\">CR\u00c9MANT  \u00ab\u00a0Patience\u00a0\u00bb<\/span>  <span class=\"meta-nav\">&rarr;<\/span><\/a><\/p>\n","protected":false},"author":1,"featured_media":0,"parent":0,"menu_order":0,"comment_status":"closed","ping_status":"closed","template":"","meta":{"footnotes":""},"class_list":["post-2538","page","type-page","status-publish","hentry"],"_links":{"self":[{"href":"https:\/\/vinsrapp.com\/index.php?rest_route=\/wp\/v2\/pages\/2538","targetHints":{"allow":["GET"]}}],"collection":[{"href":"https:\/\/vinsrapp.com\/index.php?rest_route=\/wp\/v2\/pages"}],"about":[{"href":"https:\/\/vinsrapp.com\/index.php?rest_route=\/wp\/v2\/types\/page"}],"author":[{"embeddable":true,"href":"https:\/\/vinsrapp.com\/index.php?rest_route=\/wp\/v2\/users\/1"}],"replies":[{"embeddable":true,"href":"https:\/\/vinsrapp.com\/index.php?rest_route=%2Fwp%2Fv2%2Fcomments&post=2538"}],"version-history":[{"count":6,"href":"https:\/\/vinsrapp.com\/index.php?rest_route=\/wp\/v2\/pages\/2538\/revisions"}],"predecessor-version":[{"id":2640,"href":"https:\/\/vinsrapp.com\/index.php?rest_route=\/wp\/v2\/pages\/2538\/revisions\/2640"}],"wp:attachment":[{"href":"https:\/\/vinsrapp.com\/index.php?rest_route=%2Fwp%2Fv2%2Fmedia&parent=2538"}],"curies":[{"name":"wp","href":"https:\/\/api.w.org\/{rel}","templated":true}]}}