{"id":219,"date":"2015-01-25T18:05:25","date_gmt":"2015-01-25T18:05:25","guid":{"rendered":"http:\/\/vinsrapp.com\/?page_id=219"},"modified":"2025-12-23T11:10:00","modified_gmt":"2025-12-23T11:10:00","slug":"nous-trouver","status":"publish","type":"page","link":"https:\/\/vinsrapp.com\/?page_id=219","title":{"rendered":"Contact"},"content":{"rendered":"<p><span style=\"text-decoration: underline;\"><strong>Horaires\u00a0 d&rsquo;ouverture :<\/strong><\/span><\/p>\n\n\n<p><strong>Le caveau reste ouvert m\u00eame pendant les vendanges.<\/strong> Si le portail est momentan\u00e9ment ferm\u00e9, n&rsquo;h\u00e9sitez pas \u00e0 nous appeler au numero ci-dessous.<\/p>\n\n\n\n<p>Du <strong>Lundi au Vendredi<\/strong> : 08h30 -12h00  13h30 -18h30<\/p>\n\n\n\n<p>Le<strong> Samedi : <\/strong>8h30 -12h00 13h30 -17h30<\/p>\n\n\n\n<p>Dimanche : sur rendez-vous uniquement<\/p>\n\n\n\n<p>Groupes : sur r\u00e9servation<\/p>\n\n\n\n<p class=\"has-text-color has-link-color wp-elements-db317e886b88c7052b748b712da88361\" style=\"color:#f10e0e\">Horaires de f\u00eates : <\/p>\n\n\n\n<p class=\"has-text-color has-link-color wp-elements-5f3d9cb60033aacc997df7a43779873d\" style=\"color:#ea2626\">Le 24 et le 31 d\u00e9cembre 2025 de 8h30 \u00e0 15h en continu<\/p>\n\n\n\n<p class=\"has-text-color has-link-color wp-elements-55c1c1f713582437a77a5e7b131997e6\" style=\"color:#ea2626\">Cong\u00e9s annuels :<\/p>\n\n\n\n<p class=\"has-text-color has-link-color wp-elements-9f7ce83b07e04ab6d2a0e0c3ddc1ff54\" style=\"color:#ea2626\">Du 1er au 8 janvier 2026.<\/p>\n\n\n<p><span style=\"text-decoration: underline;\"><strong>Nous contacter :<\/strong><\/span><\/p>\n\n\n<p><strong>T\u00e9l\u00e9phone :<\/strong> (+33) 03 88 38 28 43<\/p>\n\n\n\n<p><strong>E-mail :<\/strong> contact@vinsrapp.com<\/p>\n\n\n\n<div class=\"wp-block-media-text has-media-on-the-right is-stacked-on-mobile\" style=\"grid-template-columns:auto 31%\"><div class=\"wp-block-media-text__content\">\n<p class=\"has-text-align-center\">Suivez nous sur :<\/p>\n\n\n\n<p><a href=\"https:\/\/www.facebook.com\/vinsrapp\"><mark style=\"background-color:rgba(0, 0, 0, 0);color:#5729ed\" class=\"has-inline-color\">https:\/\/www.facebook.com\/vinsrapp<\/mark><\/a><\/p>\n<\/div><figure class=\"wp-block-media-text__media\"><img loading=\"lazy\" decoding=\"async\" width=\"367\" height=\"137\" src=\"https:\/\/vinsrapp.com\/wp-content\/uploads\/2025\/01\/facebook-2.png\" alt=\"\" class=\"wp-image-2565 size-full\" srcset=\"https:\/\/vinsrapp.com\/wp-content\/uploads\/2025\/01\/facebook-2.png 367w, https:\/\/vinsrapp.com\/wp-content\/uploads\/2025\/01\/facebook-2-300x112.png 300w\" sizes=\"auto, (max-width: 367px) 100vw, 367px\" \/><\/figure><\/div>\n\n\n\n<div class=\"wp-block-buttons is-layout-flex wp-block-buttons-is-layout-flex\"><\/div>\n\n\n\n<p class=\"has-text-align-center\"><a href=\"https:\/\/www.facebook.com\/vinsrapp\"><strong><mark style=\"background-color:rgba(0, 0, 0, 0);color:#2709f4\" class=\"has-inline-color\"><\/mark><\/strong><\/a><\/p>\n\n\n<p><span style=\"text-decoration: underline;\"><strong>Adresse :<\/strong><\/span><\/p>\n\n\n<p><strong>DOMAINE RAPP JEAN<\/strong><\/p>\n\n\n\n<p><strong>1 Faubourg des Vosges  &#8211; 67120 DORLISHEIM<\/strong><\/p>\n\n\n<div class=\"wp-block-image\">\n<figure class=\"aligncenter size-large\"><a href=\"https:\/\/www.google.fr\/maps\/place\/Domaine+Rapp+Jean\/@48.5329879,7.5136747,12.04z\/data=!4m6!3m5!1s0x4796ad9ac3847b0b:0xef3ea51363c2217b!8m2!3d48.52453!4d7.4823623!16s%2Fg%2F1vs5vnfq?entry=ttu&amp;g_ep=EgoyMDI0MTIxMS4wIKXMDSoASAFQAw%3D%3D\"><img loading=\"lazy\" decoding=\"async\" width=\"1024\" height=\"570\" src=\"https:\/\/vinsrapp.com\/wp-content\/uploads\/2025\/01\/CArte-Domaine-Rapp-1024x570.jpg\" alt=\"\" class=\"wp-image-2568\" srcset=\"https:\/\/vinsrapp.com\/wp-content\/uploads\/2025\/01\/CArte-Domaine-Rapp-1024x570.jpg 1024w, https:\/\/vinsrapp.com\/wp-content\/uploads\/2025\/01\/CArte-Domaine-Rapp-300x167.jpg 300w, https:\/\/vinsrapp.com\/wp-content\/uploads\/2025\/01\/CArte-Domaine-Rapp-768x427.jpg 768w, https:\/\/vinsrapp.com\/wp-content\/uploads\/2025\/01\/CArte-Domaine-Rapp.jpg 1308w\" sizes=\"auto, (max-width: 1024px) 100vw, 1024px\" \/><\/a><\/figure>\n<\/div>\n\n\n<p><\/p>\n\n\n\n<details class=\"wp-block-details is-layout-flow wp-block-details-is-layout-flow\"><summary><\/summary>\n<p><\/p>\n<\/details>\n","protected":false},"excerpt":{"rendered":"<p>Horaires\u00a0 d&rsquo;ouverture : Le caveau reste ouvert m\u00eame pendant les vendanges. Si le portail est momentan\u00e9ment ferm\u00e9, n&rsquo;h\u00e9sitez pas \u00e0 nous appeler au numero ci-dessous. Du Lundi au Vendredi : 08h30 -12h00 13h30 -18h30 Le Samedi : 8h30 -12h00 13h30 -17h30 Dimanche : sur rendez-vous uniquement Groupes : sur r\u00e9servation Horaires de f\u00eates : Le &hellip; <a href=\"https:\/\/vinsrapp.com\/?page_id=219\" class=\"more-link\">Continuer la lecture de <span class=\"screen-reader-text\">Contact<\/span>  <span class=\"meta-nav\">&rarr;<\/span><\/a><\/p>\n","protected":false},"author":1,"featured_media":0,"parent":0,"menu_order":4,"comment_status":"closed","ping_status":"closed","template":"","meta":{"footnotes":""},"class_list":["post-219","page","type-page","status-publish","hentry"],"_links":{"self":[{"href":"https:\/\/vinsrapp.com\/index.php?rest_route=\/wp\/v2\/pages\/219","targetHints":{"allow":["GET"]}}],"collection":[{"href":"https:\/\/vinsrapp.com\/index.php?rest_route=\/wp\/v2\/pages"}],"about":[{"href":"https:\/\/vinsrapp.com\/index.php?rest_route=\/wp\/v2\/types\/page"}],"author":[{"embeddable":true,"href":"https:\/\/vinsrapp.com\/index.php?rest_route=\/wp\/v2\/users\/1"}],"replies":[{"embeddable":true,"href":"https:\/\/vinsrapp.com\/index.php?rest_route=%2Fwp%2Fv2%2Fcomments&post=219"}],"version-history":[{"count":48,"href":"https:\/\/vinsrapp.com\/index.php?rest_route=\/wp\/v2\/pages\/219\/revisions"}],"predecessor-version":[{"id":2665,"href":"https:\/\/vinsrapp.com\/index.php?rest_route=\/wp\/v2\/pages\/219\/revisions\/2665"}],"wp:attachment":[{"href":"https:\/\/vinsrapp.com\/index.php?rest_route=%2Fwp%2Fv2%2Fmedia&parent=219"}],"curies":[{"name":"wp","href":"https:\/\/api.w.org\/{rel}","templated":true}]}}