{"id":2155,"date":"2020-02-24T16:43:59","date_gmt":"2020-02-24T16:43:59","guid":{"rendered":"http:\/\/vinsrapp.com\/?page_id=2155"},"modified":"2025-07-10T14:25:56","modified_gmt":"2025-07-10T14:25:56","slug":"nos-vins-de-france","status":"publish","type":"page","link":"https:\/\/vinsrapp.com\/?page_id=2155","title":{"rendered":"Nos Vins de France"},"content":{"rendered":"<h1>Le Ros\u00e9 \u00a0Vin de France &#8211; Demi-sec<\/h1>\n<p><a href=\"http:\/\/vinsrapp.com\/wp-content\/uploads\/2014\/09\/pinot-noir-raisin.jpg\"><img loading=\"lazy\" decoding=\"async\" class=\"size-medium wp-image-154 alignleft\" src=\"http:\/\/vinsrapp.com\/wp-content\/uploads\/2014\/09\/pinot-noir-raisin-190x300.jpg\" alt=\"pinot noir raisin\" width=\"190\" height=\"300\" srcset=\"https:\/\/vinsrapp.com\/wp-content\/uploads\/2014\/09\/pinot-noir-raisin-190x300.jpg 190w, https:\/\/vinsrapp.com\/wp-content\/uploads\/2014\/09\/pinot-noir-raisin-649x1024.jpg 649w, https:\/\/vinsrapp.com\/wp-content\/uploads\/2014\/09\/pinot-noir-raisin.jpg 1650w\" sizes=\"auto, (max-width: 190px) 100vw, 190px\" \/><\/a>C\u00c9PAGE :\u00a0Pinot noir<\/p>\n<p>ROBE : Ros\u00e9e<\/p>\n<p>BOUQUET : Le Ros\u00e9 pr\u00e9sente des ar\u00f4mes de fruits rouge, une belle fra\u00eecheur et une belle rondeur qui le caract\u00e9risent. Le ros\u00e9 est un vin gouleyant id\u00e9al pour vous accompagner tout l&rsquo;\u00e9t\u00e9!<\/p>\n<p>ACCORDS :\u00a0Grillades<\/p>\n<p>ATTENTION : Le ros\u00e9 n&rsquo;est disponible qu&rsquo;en quantit\u00e9 limit\u00e9e alors profitez en rapidement \u00e0 compter du 1er mai!<\/p>\n<p>&nbsp;<\/p>\n\n\n<div class=\"wp-block-buttons is-layout-flex wp-block-buttons-is-layout-flex\">\n<div class=\"wp-block-button\"><a class=\"wp-block-button__link has-black-color has-text-color has-background wp-element-button\" href=\"https:\/\/www.vinsrapp.com\/boutique\/vins-de-france-3\/le-rose-5.html\" style=\"border-radius:7px;background-color:#f5e101\">ACHETER<\/a><\/div>\n<\/div>\n\n\n\n<h1 class=\"wp-block-heading\"><strong>Accords bois\u00e9s <\/strong>&#8211; sec<\/h1>\n\n\n<div class=\"wp-block-image\">\n<figure class=\"alignleft\"><a href=\"http:\/\/vinsrapp.com\/wp-content\/uploads\/2014\/09\/riesling-raisin.jpg\"><img loading=\"lazy\" decoding=\"async\" width=\"298\" height=\"300\" src=\"http:\/\/vinsrapp.com\/wp-content\/uploads\/2014\/09\/riesling-raisin-298x300.jpg\" alt=\"riesling raisin\" class=\"wp-image-167\" srcset=\"https:\/\/vinsrapp.com\/wp-content\/uploads\/2014\/09\/riesling-raisin-298x300.jpg 298w, https:\/\/vinsrapp.com\/wp-content\/uploads\/2014\/09\/riesling-raisin-150x150.jpg 150w, https:\/\/vinsrapp.com\/wp-content\/uploads\/2014\/09\/riesling-raisin-1019x1024.jpg 1019w\" sizes=\"auto, (max-width: 298px) 100vw, 298px\" \/><\/a><\/figure>\n<\/div>\n\n\n<p>ROBE : Dor\u00e9e<\/p>\n\n\n\n<p>BOUQUET :\u00c9lev\u00e9 sur lies en barrique. Ses ar\u00f4mes vanill\u00e9s et sa puissance en font un vin atypique des vins d&rsquo;Alsace et tout \u00e0 fait remarquable.<\/p>\n\n\n\n<p>ACCORDS : Plats en sauces \u00e0 la cr\u00e8me tels que des poissons, un poulet aux morilles,&#8230;<\/p>\n","protected":false},"excerpt":{"rendered":"<p>Le Ros\u00e9 \u00a0Vin de France &#8211; Demi-sec C\u00c9PAGE :\u00a0Pinot noir ROBE : Ros\u00e9e BOUQUET : Le Ros\u00e9 pr\u00e9sente des ar\u00f4mes de fruits rouge, une belle fra\u00eecheur et une belle rondeur qui le caract\u00e9risent. Le ros\u00e9 est un vin gouleyant id\u00e9al pour vous accompagner tout l&rsquo;\u00e9t\u00e9! ACCORDS :\u00a0Grillades ATTENTION : Le ros\u00e9 n&rsquo;est disponible qu&rsquo;en quantit\u00e9 &hellip; <a href=\"https:\/\/vinsrapp.com\/?page_id=2155\" class=\"more-link\">Continuer la lecture de <span class=\"screen-reader-text\">Nos Vins de France<\/span>  <span class=\"meta-nav\">&rarr;<\/span><\/a><\/p>\n","protected":false},"author":1,"featured_media":0,"parent":2138,"menu_order":0,"comment_status":"closed","ping_status":"closed","template":"","meta":{"footnotes":""},"class_list":["post-2155","page","type-page","status-publish","hentry"],"_links":{"self":[{"href":"https:\/\/vinsrapp.com\/index.php?rest_route=\/wp\/v2\/pages\/2155","targetHints":{"allow":["GET"]}}],"collection":[{"href":"https:\/\/vinsrapp.com\/index.php?rest_route=\/wp\/v2\/pages"}],"about":[{"href":"https:\/\/vinsrapp.com\/index.php?rest_route=\/wp\/v2\/types\/page"}],"author":[{"embeddable":true,"href":"https:\/\/vinsrapp.com\/index.php?rest_route=\/wp\/v2\/users\/1"}],"replies":[{"embeddable":true,"href":"https:\/\/vinsrapp.com\/index.php?rest_route=%2Fwp%2Fv2%2Fcomments&post=2155"}],"version-history":[{"count":12,"href":"https:\/\/vinsrapp.com\/index.php?rest_route=\/wp\/v2\/pages\/2155\/revisions"}],"predecessor-version":[{"id":2651,"href":"https:\/\/vinsrapp.com\/index.php?rest_route=\/wp\/v2\/pages\/2155\/revisions\/2651"}],"up":[{"embeddable":true,"href":"https:\/\/vinsrapp.com\/index.php?rest_route=\/wp\/v2\/pages\/2138"}],"wp:attachment":[{"href":"https:\/\/vinsrapp.com\/index.php?rest_route=%2Fwp%2Fv2%2Fmedia&parent=2155"}],"curies":[{"name":"wp","href":"https:\/\/api.w.org\/{rel}","templated":true}]}}