{"id":2148,"date":"2020-02-24T16:38:07","date_gmt":"2020-02-24T16:38:07","guid":{"rendered":"http:\/\/vinsrapp.com\/?page_id=2148"},"modified":"2025-07-10T14:12:40","modified_gmt":"2025-07-10T14:12:40","slug":"nos-cremants","status":"publish","type":"page","link":"https:\/\/vinsrapp.com\/?page_id=2148","title":{"rendered":"Nos Cr\u00e9mants d&rsquo;ALSACE &#8211; AOC"},"content":{"rendered":"<p>&nbsp; &nbsp;&nbsp; Au cours des derni\u00e8res ann\u00e9es notre gamme de cr\u00e9mants d&rsquo;Alsace vinifi\u00e9s en m\u00e9thode traditionnelle s&rsquo;est \u00e9toff\u00e9e afin de vous proposer une belle diversit\u00e9 de bouquets et d&rsquo;ar\u00f4mes.<\/p>\n\n\n<div class=\"wp-block-columns is-layout-flex wp-container-core-columns-is-layout-9d6595d7 wp-block-columns-is-layout-flex\">\n<div class=\"wp-block-column is-vertically-aligned-center is-layout-flow wp-block-column-is-layout-flow\">\n<p class=\"has-text-align-center\"><a href=\"https:\/\/vinsrapp.com\/?page_id=243\"><mark style=\"background-color:rgba(0, 0, 0, 0)\" class=\"has-inline-color has-black-color\">Cr\u00e9mant AOC Alsace &#8211; Brut TRADITION<\/mark><\/a><\/p>\n<\/div>\n\n\n\n<div class=\"wp-block-column is-layout-flow wp-block-column-is-layout-flow\">\n<figure class=\"wp-block-image size-large is-resized\"><img loading=\"lazy\" decoding=\"async\" width=\"251\" height=\"1024\" src=\"https:\/\/vinsrapp.com\/wp-content\/uploads\/2024\/09\/crem-blc-detoure-1-251x1024.jpg\" alt=\"\" class=\"wp-image-2532\" style=\"width:48px;height:196px\" srcset=\"https:\/\/vinsrapp.com\/wp-content\/uploads\/2024\/09\/crem-blc-detoure-1-251x1024.jpg 251w, https:\/\/vinsrapp.com\/wp-content\/uploads\/2024\/09\/crem-blc-detoure-1-377x1536.jpg 377w\" sizes=\"auto, (max-width: 251px) 100vw, 251px\" \/><\/figure>\n\n\n\n<p><\/p>\n<\/div>\n<\/div>\n\n\n\n<p><span class=\"has-inline-color has-black-color\"><\/span><\/p>\n\n\n\n<div class=\"wp-block-columns is-layout-flex wp-container-core-columns-is-layout-9d6595d7 wp-block-columns-is-layout-flex\">\n<div class=\"wp-block-column is-vertically-aligned-center is-layout-flow wp-block-column-is-layout-flow\">\n<p class=\"has-text-align-center\"><a href=\"https:\/\/vinsrapp.com\/?page_id=2036\"><span class=\"has-inline-color has-black-color\">Cr\u00e9mant AOC Alsace &#8211; Brut ROS\u00c9<\/span><\/a><\/p>\n<\/div>\n\n\n\n<div class=\"wp-block-column is-layout-flow wp-block-column-is-layout-flow\">\n<figure class=\"wp-block-image size-large is-resized\"><img loading=\"lazy\" decoding=\"async\" width=\"258\" height=\"1024\" src=\"https:\/\/vinsrapp.com\/wp-content\/uploads\/2024\/09\/cremant-2021-detoure-1-258x1024.jpg\" alt=\"\" class=\"wp-image-2534\" style=\"width:51px;height:200px\" srcset=\"https:\/\/vinsrapp.com\/wp-content\/uploads\/2024\/09\/cremant-2021-detoure-1-258x1024.jpg 258w, https:\/\/vinsrapp.com\/wp-content\/uploads\/2024\/09\/cremant-2021-detoure-1-768x3049.jpg 768w, https:\/\/vinsrapp.com\/wp-content\/uploads\/2024\/09\/cremant-2021-detoure-1-387x1536.jpg 387w, https:\/\/vinsrapp.com\/wp-content\/uploads\/2024\/09\/cremant-2021-detoure-1-516x2048.jpg 516w, https:\/\/vinsrapp.com\/wp-content\/uploads\/2024\/09\/cremant-2021-detoure-1-scaled.jpg 645w\" sizes=\"auto, (max-width: 258px) 100vw, 258px\" \/><\/figure>\n<\/div>\n<\/div>\n\n\n\n<div class=\"wp-block-columns is-layout-flex wp-container-core-columns-is-layout-9d6595d7 wp-block-columns-is-layout-flex\">\n<div class=\"wp-block-column is-vertically-aligned-center is-layout-flow wp-block-column-is-layout-flow\">\n<p class=\"has-text-align-center\"><a href=\"https:\/\/vinsrapp.com\/?page_id=2409\" data-type=\"URL\" data-id=\"https:\/\/vinsrapp.com\/?page_id=2409\"><span class=\"has-inline-color has-black-color\">Cr\u00e9mant AOC Alsace &#8211; Brut CHARDONNAY<\/span><\/a><\/p>\n<\/div>\n\n\n\n<div class=\"wp-block-column is-layout-flow wp-block-column-is-layout-flow\">\n<figure class=\"wp-block-image size-large is-resized\"><img loading=\"lazy\" decoding=\"async\" width=\"247\" height=\"1024\" src=\"https:\/\/vinsrapp.com\/wp-content\/uploads\/2024\/09\/chardo-detoure-1-247x1024.jpg\" alt=\"\" class=\"wp-image-2535\" style=\"width:53px;height:220px\" srcset=\"https:\/\/vinsrapp.com\/wp-content\/uploads\/2024\/09\/chardo-detoure-1-247x1024.jpg 247w, https:\/\/vinsrapp.com\/wp-content\/uploads\/2024\/09\/chardo-detoure-1-768x3184.jpg 768w, https:\/\/vinsrapp.com\/wp-content\/uploads\/2024\/09\/chardo-detoure-1-371x1536.jpg 371w, https:\/\/vinsrapp.com\/wp-content\/uploads\/2024\/09\/chardo-detoure-1-494x2048.jpg 494w, https:\/\/vinsrapp.com\/wp-content\/uploads\/2024\/09\/chardo-detoure-1-scaled.jpg 618w\" sizes=\"auto, (max-width: 247px) 100vw, 247px\" \/><\/figure>\n<\/div>\n<\/div>\n\n\n\n<div class=\"wp-block-columns is-layout-flex wp-container-core-columns-is-layout-9d6595d7 wp-block-columns-is-layout-flex\">\n<div class=\"wp-block-column is-vertically-aligned-center is-layout-flow wp-block-column-is-layout-flow\">\n<p class=\"has-text-align-center has-black-color has-text-color\"><a href=\"https:\/\/vinsrapp.com\/?page_id=2538\" data-type=\"URL\" data-id=\"https:\/\/vinsrapp.com\/?page_id=2538\"><mark style=\"background-color:rgba(0, 0, 0, 0)\" class=\"has-inline-color has-black-color\">Cr\u00e9mant AOC Alsace &#8211; Brut nature CHARDONNAY \u00ab\u00a0Patience\u00a0\u00bb<\/mark><\/a><\/p>\n<\/div>\n\n\n\n<div class=\"wp-block-column is-layout-flow wp-block-column-is-layout-flow\">\n<figure class=\"wp-block-image size-large is-resized\"><img loading=\"lazy\" decoding=\"async\" width=\"249\" height=\"1024\" src=\"https:\/\/vinsrapp.com\/wp-content\/uploads\/2024\/09\/Patience-detoure-249x1024.jpg\" alt=\"\" class=\"wp-image-2536\" style=\"width:51px;height:212px\" srcset=\"https:\/\/vinsrapp.com\/wp-content\/uploads\/2024\/09\/Patience-detoure-249x1024.jpg 249w, https:\/\/vinsrapp.com\/wp-content\/uploads\/2024\/09\/Patience-detoure-73x300.jpg 73w, https:\/\/vinsrapp.com\/wp-content\/uploads\/2024\/09\/Patience-detoure-374x1536.jpg 374w\" sizes=\"auto, (max-width: 249px) 100vw, 249px\" \/><\/figure>\n<\/div>\n<\/div>\n","protected":false},"excerpt":{"rendered":"<p>&nbsp; &nbsp;&nbsp; Au cours des derni\u00e8res ann\u00e9es notre gamme de cr\u00e9mants d&rsquo;Alsace vinifi\u00e9s en m\u00e9thode traditionnelle s&rsquo;est \u00e9toff\u00e9e afin de vous proposer une belle diversit\u00e9 de bouquets et d&rsquo;ar\u00f4mes. Cr\u00e9mant AOC Alsace &#8211; Brut TRADITION Cr\u00e9mant AOC Alsace &#8211; Brut ROS\u00c9 Cr\u00e9mant AOC Alsace &#8211; Brut CHARDONNAY Cr\u00e9mant AOC Alsace &#8211; Brut nature CHARDONNAY \u00ab\u00a0Patience\u00a0\u00bb<\/p>\n","protected":false},"author":1,"featured_media":0,"parent":0,"menu_order":0,"comment_status":"closed","ping_status":"closed","template":"","meta":{"footnotes":""},"class_list":["post-2148","page","type-page","status-publish","hentry"],"_links":{"self":[{"href":"https:\/\/vinsrapp.com\/index.php?rest_route=\/wp\/v2\/pages\/2148","targetHints":{"allow":["GET"]}}],"collection":[{"href":"https:\/\/vinsrapp.com\/index.php?rest_route=\/wp\/v2\/pages"}],"about":[{"href":"https:\/\/vinsrapp.com\/index.php?rest_route=\/wp\/v2\/types\/page"}],"author":[{"embeddable":true,"href":"https:\/\/vinsrapp.com\/index.php?rest_route=\/wp\/v2\/users\/1"}],"replies":[{"embeddable":true,"href":"https:\/\/vinsrapp.com\/index.php?rest_route=%2Fwp%2Fv2%2Fcomments&post=2148"}],"version-history":[{"count":27,"href":"https:\/\/vinsrapp.com\/index.php?rest_route=\/wp\/v2\/pages\/2148\/revisions"}],"predecessor-version":[{"id":2643,"href":"https:\/\/vinsrapp.com\/index.php?rest_route=\/wp\/v2\/pages\/2148\/revisions\/2643"}],"wp:attachment":[{"href":"https:\/\/vinsrapp.com\/index.php?rest_route=%2Fwp%2Fv2%2Fmedia&parent=2148"}],"curies":[{"name":"wp","href":"https:\/\/api.w.org\/{rel}","templated":true}]}}