{"id":2138,"date":"2020-02-24T16:04:39","date_gmt":"2020-02-24T16:04:39","guid":{"rendered":"http:\/\/vinsrapp.com\/?page_id=2138"},"modified":"2025-07-10T14:05:51","modified_gmt":"2025-07-10T14:05:51","slug":"nos-vins","status":"publish","type":"page","link":"https:\/\/vinsrapp.com\/?page_id=2138","title":{"rendered":"NOS VINS"},"content":{"rendered":"<p style=\"text-align: center;\"><a href=\"http:\/\/vinsrapp.com\/wp-content\/uploads\/2020\/05\/IMG_4243.jpg\"><img loading=\"lazy\" decoding=\"async\" class=\"wp-image-2196 alignleft\" src=\"http:\/\/vinsrapp.com\/wp-content\/uploads\/2020\/05\/IMG_4243-300x200.jpg\" alt=\"\" width=\"213\" height=\"142\" srcset=\"https:\/\/vinsrapp.com\/wp-content\/uploads\/2020\/05\/IMG_4243-300x200.jpg 300w, https:\/\/vinsrapp.com\/wp-content\/uploads\/2020\/05\/IMG_4243-768x511.jpg 768w, https:\/\/vinsrapp.com\/wp-content\/uploads\/2020\/05\/IMG_4243.jpg 800w\" sizes=\"auto, (max-width: 213px) 100vw, 213px\" \/> <\/a><em>Nos vins sont l&rsquo;expression de notre terroir et de notre personnalit\u00e9.\u00a0<\/em><\/p>\n<p style=\"text-align: center;\">Nous vous invitons<br \/>\n\u00e0 les d\u00e9couvrir :<\/p>\n<p>&nbsp;<\/p>\n<p><span style=\"color: #000000;\"><a style=\"color: #000000;\" href=\"http:\/\/vinsrapp.com\/?page_id=2148\"><strong>Nos Cr\u00e9mants <\/strong><\/a><\/span><\/p>\n<p><span style=\"color: #000000;\"><a style=\"color: #000000;\" href=\"http:\/\/vinsrapp.com\/?page_id=2163\"><strong>Nos Vins AOC Alsace<\/strong><\/a><\/span><\/p>\n<p><span style=\"color: #000000;\"><a style=\"color: #000000;\" href=\"http:\/\/vinsrapp.com\/?page_id=2155\"><strong>Nos Vins de France<\/strong><\/a><\/span><\/p>\n","protected":false},"excerpt":{"rendered":"<p>Nos vins sont l&rsquo;expression de notre terroir et de notre personnalit\u00e9.\u00a0 Nous vous invitons \u00e0 les d\u00e9couvrir : &nbsp; Nos Cr\u00e9mants Nos Vins AOC Alsace Nos Vins de France<\/p>\n","protected":false},"author":1,"featured_media":0,"parent":0,"menu_order":0,"comment_status":"closed","ping_status":"closed","template":"","meta":{"footnotes":""},"class_list":["post-2138","page","type-page","status-publish","hentry"],"_links":{"self":[{"href":"https:\/\/vinsrapp.com\/index.php?rest_route=\/wp\/v2\/pages\/2138","targetHints":{"allow":["GET"]}}],"collection":[{"href":"https:\/\/vinsrapp.com\/index.php?rest_route=\/wp\/v2\/pages"}],"about":[{"href":"https:\/\/vinsrapp.com\/index.php?rest_route=\/wp\/v2\/types\/page"}],"author":[{"embeddable":true,"href":"https:\/\/vinsrapp.com\/index.php?rest_route=\/wp\/v2\/users\/1"}],"replies":[{"embeddable":true,"href":"https:\/\/vinsrapp.com\/index.php?rest_route=%2Fwp%2Fv2%2Fcomments&post=2138"}],"version-history":[{"count":15,"href":"https:\/\/vinsrapp.com\/index.php?rest_route=\/wp\/v2\/pages\/2138\/revisions"}],"predecessor-version":[{"id":2211,"href":"https:\/\/vinsrapp.com\/index.php?rest_route=\/wp\/v2\/pages\/2138\/revisions\/2211"}],"wp:attachment":[{"href":"https:\/\/vinsrapp.com\/index.php?rest_route=%2Fwp%2Fv2%2Fmedia&parent=2138"}],"curies":[{"name":"wp","href":"https:\/\/api.w.org\/{rel}","templated":true}]}}