{"id":2036,"date":"2019-09-20T14:23:04","date_gmt":"2019-09-20T14:23:04","guid":{"rendered":"http:\/\/vinsrapp.com\/?page_id=2036"},"modified":"2025-07-10T14:05:32","modified_gmt":"2025-07-10T14:05:32","slug":"cremant-rose","status":"publish","type":"page","link":"https:\/\/vinsrapp.com\/?page_id=2036","title":{"rendered":"CR\u00c9MANT AOC ALSACE &#8211; BRUT ROS\u00c9"},"content":{"rendered":"<p><a href=\"http:\/\/vinsrapp.com\/wp-content\/uploads\/2014\/09\/pinot-noir-raisin.jpg\"><img loading=\"lazy\" decoding=\"async\" class=\"alignnone size-medium wp-image-154\" src=\"http:\/\/vinsrapp.com\/wp-content\/uploads\/2014\/09\/pinot-noir-raisin-190x300.jpg\" alt=\"pinot noir raisin\" width=\"190\" height=\"300\" srcset=\"https:\/\/vinsrapp.com\/wp-content\/uploads\/2014\/09\/pinot-noir-raisin-190x300.jpg 190w, https:\/\/vinsrapp.com\/wp-content\/uploads\/2014\/09\/pinot-noir-raisin-649x1024.jpg 649w, https:\/\/vinsrapp.com\/wp-content\/uploads\/2014\/09\/pinot-noir-raisin.jpg 1650w\" sizes=\"auto, (max-width: 190px) 100vw, 190px\" \/><\/a><a href=\"http:\/\/vinsrapp.com\/wp-content\/uploads\/2014\/09\/Etiquette-cremant.jpg\"> \u00a0 \u00a0\u00a0 <\/a><a href=\"http:\/\/vinsrapp.com\/wp-content\/uploads\/2019\/09\/IMG_3834-2.jpg\"><img loading=\"lazy\" decoding=\"async\" class=\"alignnone wp-image-2041\" src=\"http:\/\/vinsrapp.com\/wp-content\/uploads\/2019\/09\/IMG_3834-2-93x300.jpg\" alt=\"\" width=\"95\" height=\"306\" srcset=\"https:\/\/vinsrapp.com\/wp-content\/uploads\/2019\/09\/IMG_3834-2-93x300.jpg 93w, https:\/\/vinsrapp.com\/wp-content\/uploads\/2019\/09\/IMG_3834-2-768x2478.jpg 768w, https:\/\/vinsrapp.com\/wp-content\/uploads\/2019\/09\/IMG_3834-2-317x1024.jpg 317w, https:\/\/vinsrapp.com\/wp-content\/uploads\/2019\/09\/IMG_3834-2.jpg 888w\" sizes=\"auto, (max-width: 95px) 100vw, 95px\" \/><\/a><\/p>\n<h6>C\u00c9PAGE : Pinot Noir<\/h6>\n<h6>ROBE : Ros\u00e9, limpide avec de fines bulles<\/h6>\n<h6>BOUQUET : frais, fruit\u00e9, ar\u00f4mes de fruits rouges exalt\u00e9s par de fines bulles<\/h6>\n<h6>ACCORDS : ap\u00e9ritifs ou desserts<\/h6>\n<p>\u00a0<\/p>\n\n\n<div class=\"wp-block-buttons is-layout-flex wp-block-buttons-is-layout-flex\">\n<div class=\"wp-block-button\"><a class=\"wp-block-button__link has-black-color has-text-color has-background\" href=\"https:\/\/www.vinsrapp.com\/boutique\/aoc-cremants-d-alsace-1\/cremant-brut-rose-2.html\" style=\"border-radius:7px;background-color:#f5e101\" target=\"_blank\" rel=\"noreferrer noopener\">ACHETER<\/a><\/div>\n<\/div>\n\n\n\n<p><\/p>\n","protected":false},"excerpt":{"rendered":"<p>\u00a0 \u00a0\u00a0 C\u00c9PAGE : Pinot Noir ROBE : Ros\u00e9, limpide avec de fines bulles BOUQUET : frais, fruit\u00e9, ar\u00f4mes de fruits rouges exalt\u00e9s par de fines bulles ACCORDS : ap\u00e9ritifs ou desserts \u00a0<\/p>\n","protected":false},"author":1,"featured_media":0,"parent":0,"menu_order":0,"comment_status":"closed","ping_status":"closed","template":"","meta":{"footnotes":""},"class_list":["post-2036","page","type-page","status-publish","hentry"],"_links":{"self":[{"href":"https:\/\/vinsrapp.com\/index.php?rest_route=\/wp\/v2\/pages\/2036","targetHints":{"allow":["GET"]}}],"collection":[{"href":"https:\/\/vinsrapp.com\/index.php?rest_route=\/wp\/v2\/pages"}],"about":[{"href":"https:\/\/vinsrapp.com\/index.php?rest_route=\/wp\/v2\/types\/page"}],"author":[{"embeddable":true,"href":"https:\/\/vinsrapp.com\/index.php?rest_route=\/wp\/v2\/users\/1"}],"replies":[{"embeddable":true,"href":"https:\/\/vinsrapp.com\/index.php?rest_route=%2Fwp%2Fv2%2Fcomments&post=2036"}],"version-history":[{"count":8,"href":"https:\/\/vinsrapp.com\/index.php?rest_route=\/wp\/v2\/pages\/2036\/revisions"}],"predecessor-version":[{"id":2417,"href":"https:\/\/vinsrapp.com\/index.php?rest_route=\/wp\/v2\/pages\/2036\/revisions\/2417"}],"wp:attachment":[{"href":"https:\/\/vinsrapp.com\/index.php?rest_route=%2Fwp%2Fv2%2Fmedia&parent=2036"}],"curies":[{"name":"wp","href":"https:\/\/api.w.org\/{rel}","templated":true}]}}