{"id":182,"date":"2014-10-05T09:50:08","date_gmt":"2014-10-05T09:50:08","guid":{"rendered":"http:\/\/vinsrapp.com\/?page_id=182"},"modified":"2026-01-16T13:36:31","modified_gmt":"2026-01-16T13:36:31","slug":"accueil","status":"publish","type":"page","link":"https:\/\/vinsrapp.com\/","title":{"rendered":"Accueil"},"content":{"rendered":"<p>Nous vous invitons \u00e0 venir d\u00e9couvrir notre cave et d\u00e9guster nos crus.<\/p>\n<p><a href=\"http:\/\/vinsrapp.com\/wp-content\/uploads\/2014\/09\/caveau-1-copie.jpg\"><img loading=\"lazy\" decoding=\"async\" class=\"alignnone wp-image-31\" src=\"http:\/\/vinsrapp.com\/wp-content\/uploads\/2014\/09\/caveau-1-copie-300x199.jpg\" alt=\"caveau 1 copie\" width=\"342\" height=\"227\" srcset=\"https:\/\/vinsrapp.com\/wp-content\/uploads\/2014\/09\/caveau-1-copie-300x199.jpg 300w, https:\/\/vinsrapp.com\/wp-content\/uploads\/2014\/09\/caveau-1-copie.jpg 850w\" sizes=\"auto, (max-width: 342px) 100vw, 342px\" \/><img loading=\"lazy\" decoding=\"async\" class=\"alignnone wp-image-2245\" src=\"http:\/\/vinsrapp.com\/wp-content\/uploads\/2020\/09\/Logo-HVE-Exploitation-300x300.png\" alt=\"\" width=\"115\" height=\"115\" srcset=\"https:\/\/vinsrapp.com\/wp-content\/uploads\/2020\/09\/Logo-HVE-Exploitation-300x300.png 300w, https:\/\/vinsrapp.com\/wp-content\/uploads\/2020\/09\/Logo-HVE-Exploitation-150x150.png 150w, https:\/\/vinsrapp.com\/wp-content\/uploads\/2020\/09\/Logo-HVE-Exploitation-768x768.png 768w, https:\/\/vinsrapp.com\/wp-content\/uploads\/2020\/09\/Logo-HVE-Exploitation.png 1024w\" sizes=\"auto, (max-width: 115px) 100vw, 115px\" \/><\/a><\/p>\n<p>Voici un petit aper\u00e7u de notre exploitation, ainsi que de notre gamme de vins et cr\u00e9mants d&rsquo;Alsace.<\/p>\n<p>Vous trouverez \u00e9galement sur ce site, l&rsquo;histoire de notre domaine familial et son actualit\u00e9.<\/p>\n<p>C&rsquo;est avec plaisir que nous vous ouvrons ses portes.<\/p>\n\n\n<p><em>Nous vous proposons \u00e9galement du miel, des sirops,&#8230; et de nombreux paniers garnis et coffrets cadeaux.<\/em><\/p>\n\n\n\n<p><strong>Le caveau est ouvert  du lundi au vendredi de 8h30 \u00e0 18h30 <\/strong><br><strong>et le samedi de 8h30 \u00e0 17h30.<\/strong><\/p>\n\n\n\n<p><\/p>\n\n\n\n<p class=\"has-text-color has-link-color wp-elements-2826aa0344548f69624440578e4f668a\" style=\"color:#ea2626\"><\/p>\n\n\n\n<p><\/p>\n","protected":false},"excerpt":{"rendered":"<p>Nous vous invitons \u00e0 venir d\u00e9couvrir notre cave et d\u00e9guster nos crus. Voici un petit aper\u00e7u de notre exploitation, ainsi que de notre gamme de vins et cr\u00e9mants d&rsquo;Alsace. Vous trouverez \u00e9galement sur ce site, l&rsquo;histoire de notre domaine familial et son actualit\u00e9. C&rsquo;est avec plaisir que nous vous ouvrons ses portes. Nous vous proposons &hellip; <a href=\"https:\/\/vinsrapp.com\/\" class=\"more-link\">Continuer la lecture de <span class=\"screen-reader-text\">Accueil<\/span>  <span class=\"meta-nav\">&rarr;<\/span><\/a><\/p>\n","protected":false},"author":1,"featured_media":0,"parent":0,"menu_order":0,"comment_status":"closed","ping_status":"open","template":"","meta":{"footnotes":""},"class_list":["post-182","page","type-page","status-publish","hentry"],"_links":{"self":[{"href":"https:\/\/vinsrapp.com\/index.php?rest_route=\/wp\/v2\/pages\/182","targetHints":{"allow":["GET"]}}],"collection":[{"href":"https:\/\/vinsrapp.com\/index.php?rest_route=\/wp\/v2\/pages"}],"about":[{"href":"https:\/\/vinsrapp.com\/index.php?rest_route=\/wp\/v2\/types\/page"}],"author":[{"embeddable":true,"href":"https:\/\/vinsrapp.com\/index.php?rest_route=\/wp\/v2\/users\/1"}],"replies":[{"embeddable":true,"href":"https:\/\/vinsrapp.com\/index.php?rest_route=%2Fwp%2Fv2%2Fcomments&post=182"}],"version-history":[{"count":51,"href":"https:\/\/vinsrapp.com\/index.php?rest_route=\/wp\/v2\/pages\/182\/revisions"}],"predecessor-version":[{"id":2669,"href":"https:\/\/vinsrapp.com\/index.php?rest_route=\/wp\/v2\/pages\/182\/revisions\/2669"}],"wp:attachment":[{"href":"https:\/\/vinsrapp.com\/index.php?rest_route=%2Fwp%2Fv2%2Fmedia&parent=182"}],"curies":[{"name":"wp","href":"https:\/\/api.w.org\/{rel}","templated":true}]}}