{"id":176,"date":"2014-09-27T14:55:59","date_gmt":"2014-09-27T14:55:59","guid":{"rendered":"http:\/\/vinsrapp.com\/?page_id=176"},"modified":"2025-07-10T14:05:51","modified_gmt":"2025-07-10T14:05:51","slug":"riesling-2","status":"publish","type":"page","link":"https:\/\/vinsrapp.com\/?page_id=176","title":{"rendered":"Riesling"},"content":{"rendered":"<h1><strong>LE RIESLING AOC Alsace &#8211; Sec<a href=\"http:\/\/vinsrapp.com\/wp-content\/uploads\/2014\/09\/riesling-raisin.jpg\"><img loading=\"lazy\" decoding=\"async\" class=\"aligncenter wp-image-167 size-medium\" src=\"http:\/\/vinsrapp.com\/wp-content\/uploads\/2014\/09\/riesling-raisin-298x300.jpg\" alt=\"riesling raisin\" width=\"298\" height=\"300\" srcset=\"https:\/\/vinsrapp.com\/wp-content\/uploads\/2014\/09\/riesling-raisin-298x300.jpg 298w, https:\/\/vinsrapp.com\/wp-content\/uploads\/2014\/09\/riesling-raisin-150x150.jpg 150w, https:\/\/vinsrapp.com\/wp-content\/uploads\/2014\/09\/riesling-raisin-1019x1024.jpg 1019w\" sizes=\"auto, (max-width: 298px) 100vw, 298px\" \/><\/a><\/strong><\/h1>\n<h6>CEPAGE : Riesling<\/h6>\n<h6>ROBE : Jaune p\u00e2le, brillant, limpide avec de l\u00e9gers reflets verts<\/h6>\n<h6>BOUQUET : Sec, rac\u00e9, d\u00e9licatement fruit\u00e9, grande finesse avec des nuances min\u00e9rales, florales domin\u00e9es par une note agrume, citron-pamplemousse en particulier<\/h6>\n<h6>ACCORDS : Poissons, crustac\u00e9s, viandes blanches et la traditionnelle choucroute d&rsquo;Alsace<\/h6>\n\n\n<div class=\"wp-block-buttons is-layout-flex wp-block-buttons-is-layout-flex\">\n<div class=\"wp-block-button\"><a class=\"wp-block-button__link has-black-color has-text-color has-background\" href=\"https:\/\/www.vinsrapp.com\/boutique\/aoc-alsace-2\/riesling-8.html\" style=\"border-radius:7px;background-color:#f5e101\">ACHETER<\/a><\/div>\n<\/div>\n\n\n\n<p><\/p>\n","protected":false},"excerpt":{"rendered":"<p>LE RIESLING AOC Alsace &#8211; Sec CEPAGE : Riesling ROBE : Jaune p\u00e2le, brillant, limpide avec de l\u00e9gers reflets verts BOUQUET : Sec, rac\u00e9, d\u00e9licatement fruit\u00e9, grande finesse avec des nuances min\u00e9rales, florales domin\u00e9es par une note agrume, citron-pamplemousse en particulier ACCORDS : Poissons, crustac\u00e9s, viandes blanches et la traditionnelle choucroute d&rsquo;Alsace<\/p>\n","protected":false},"author":1,"featured_media":0,"parent":0,"menu_order":0,"comment_status":"closed","ping_status":"open","template":"","meta":{"footnotes":""},"class_list":["post-176","page","type-page","status-publish","hentry"],"_links":{"self":[{"href":"https:\/\/vinsrapp.com\/index.php?rest_route=\/wp\/v2\/pages\/176","targetHints":{"allow":["GET"]}}],"collection":[{"href":"https:\/\/vinsrapp.com\/index.php?rest_route=\/wp\/v2\/pages"}],"about":[{"href":"https:\/\/vinsrapp.com\/index.php?rest_route=\/wp\/v2\/types\/page"}],"author":[{"embeddable":true,"href":"https:\/\/vinsrapp.com\/index.php?rest_route=\/wp\/v2\/users\/1"}],"replies":[{"embeddable":true,"href":"https:\/\/vinsrapp.com\/index.php?rest_route=%2Fwp%2Fv2%2Fcomments&post=176"}],"version-history":[{"count":13,"href":"https:\/\/vinsrapp.com\/index.php?rest_route=\/wp\/v2\/pages\/176\/revisions"}],"predecessor-version":[{"id":2485,"href":"https:\/\/vinsrapp.com\/index.php?rest_route=\/wp\/v2\/pages\/176\/revisions\/2485"}],"wp:attachment":[{"href":"https:\/\/vinsrapp.com\/index.php?rest_route=%2Fwp%2Fv2%2Fmedia&parent=176"}],"curies":[{"name":"wp","href":"https:\/\/api.w.org\/{rel}","templated":true}]}}