{"id":1383,"date":"2018-02-04T21:47:55","date_gmt":"2018-02-04T21:47:55","guid":{"rendered":"http:\/\/vinsrapp.com\/?page_id=1383"},"modified":"2018-05-30T08:21:21","modified_gmt":"2018-05-30T08:21:21","slug":"ein-weingut-eine-geschichte","status":"publish","type":"page","link":"https:\/\/vinsrapp.com\/?page_id=1383&lang=de","title":{"rendered":"Ein Weingut, eine Geschichte"},"content":{"rendered":"<p><strong><a href=\"http:\/\/vinsrapp.com\/wp-content\/uploads\/2014\/09\/cropped-IMG_0001.jpg\"><img loading=\"lazy\" decoding=\"async\" class=\"alignleft wp-image-5 size-medium\" src=\"http:\/\/vinsrapp.com\/wp-content\/uploads\/2014\/09\/cropped-IMG_0001-300x221.jpg\" alt=\"cropped-IMG_0001.jpg\" width=\"300\" height=\"221\" srcset=\"https:\/\/vinsrapp.com\/wp-content\/uploads\/2014\/09\/cropped-IMG_0001-300x221.jpg 300w, https:\/\/vinsrapp.com\/wp-content\/uploads\/2014\/09\/cropped-IMG_0001-1024x757.jpg 1024w, https:\/\/vinsrapp.com\/wp-content\/uploads\/2014\/09\/cropped-IMG_0001.jpg 1260w\" sizes=\"auto, (max-width: 300px) 100vw, 300px\" \/><\/a><span id=\"tran0\">Die Leidenschaft der Arbeit im Weingut und des Weines wird von Generation zur Generation seit 1765 weiter gegeben. Anfangs war es ein landwirtschaftlicher Betrieb mit Ackerbau, Viehzucht und Weinbau.<\/span><\/strong><br \/>\n<strong> <span id=\"tran1\">Ab 1960 wurde der Weinbau die Hauptaktivit\u00e4t unseres Betriebs. Die Familie Rapp verliess schrittweise bis in die 90er Jahren die Viehzucht und den Ackerbau, um sich ganz um den Weinbau zu widmen.<\/span><\/strong><\/p>\n<p><strong><span id=\"tran0\">Das Jahr 2004 war ein\u00a0 Wendepunkt mit dem Umzug unseres historischen Kellers und desse Erweiterung. <\/span><br \/>\n<span id=\"tran1\">Unsere Familie l\u00e4dt Sie ein, ihr Weingut zu entdecken.<\/span><br \/>\n<span id=\"tran2\">Oben zeigt ein Foto der Weinlese von 1945 mit den Gro\u00dfeltern und den Uhrgro\u00dfeltern von Guillaume und Marilyne. Die Trauben wurden in Holztanks auf den von Pferden gezogenen Anh\u00e4nger transportiert.<\/span><a href=\"http:\/\/vinsrapp.com\/wp-content\/uploads\/2014\/09\/caveau-4-copie.jpg\"><img loading=\"lazy\" decoding=\"async\" class=\"alignright wp-image-34 size-medium\" src=\"http:\/\/vinsrapp.com\/wp-content\/uploads\/2014\/09\/caveau-4-copie-300x199.jpg\" alt=\"caveau 4 copie\" width=\"300\" height=\"199\" srcset=\"https:\/\/vinsrapp.com\/wp-content\/uploads\/2014\/09\/caveau-4-copie-300x199.jpg 300w, https:\/\/vinsrapp.com\/wp-content\/uploads\/2014\/09\/caveau-4-copie.jpg 850w\" sizes=\"auto, (max-width: 300px) 100vw, 300px\" \/><\/a><\/strong><\/p>\n","protected":false},"excerpt":{"rendered":"<p>Die Leidenschaft der Arbeit im Weingut und des Weines wird von Generation zur Generation seit 1765 weiter gegeben. Anfangs war es ein landwirtschaftlicher Betrieb mit Ackerbau, Viehzucht und Weinbau. Ab 1960 wurde der Weinbau die Hauptaktivit\u00e4t unseres Betriebs. Die Familie Rapp verliess schrittweise bis in die 90er Jahren die Viehzucht und den Ackerbau, um sich &hellip; <a href=\"https:\/\/vinsrapp.com\/?page_id=1383&#038;lang=de\" class=\"more-link\">Continuer la lecture de <span class=\"screen-reader-text\">Ein Weingut, eine Geschichte<\/span>  <span class=\"meta-nav\">&rarr;<\/span><\/a><\/p>\n","protected":false},"author":1,"featured_media":0,"parent":0,"menu_order":2,"comment_status":"closed","ping_status":"open","template":"","meta":{"footnotes":""},"class_list":["post-1383","page","type-page","status-publish","hentry"],"_links":{"self":[{"href":"https:\/\/vinsrapp.com\/index.php?rest_route=\/wp\/v2\/pages\/1383","targetHints":{"allow":["GET"]}}],"collection":[{"href":"https:\/\/vinsrapp.com\/index.php?rest_route=\/wp\/v2\/pages"}],"about":[{"href":"https:\/\/vinsrapp.com\/index.php?rest_route=\/wp\/v2\/types\/page"}],"author":[{"embeddable":true,"href":"https:\/\/vinsrapp.com\/index.php?rest_route=\/wp\/v2\/users\/1"}],"replies":[{"embeddable":true,"href":"https:\/\/vinsrapp.com\/index.php?rest_route=%2Fwp%2Fv2%2Fcomments&post=1383"}],"version-history":[{"count":9,"href":"https:\/\/vinsrapp.com\/index.php?rest_route=\/wp\/v2\/pages\/1383\/revisions"}],"predecessor-version":[{"id":1781,"href":"https:\/\/vinsrapp.com\/index.php?rest_route=\/wp\/v2\/pages\/1383\/revisions\/1781"}],"wp:attachment":[{"href":"https:\/\/vinsrapp.com\/index.php?rest_route=%2Fwp%2Fv2%2Fmedia&parent=1383"}],"curies":[{"name":"wp","href":"https:\/\/api.w.org\/{rel}","templated":true}]}}