{"id":1355,"date":"2018-02-04T21:36:38","date_gmt":"2018-02-04T21:36:38","guid":{"rendered":"http:\/\/vinsrapp.com\/?page_id=1355"},"modified":"2019-11-20T16:08:54","modified_gmt":"2019-11-20T16:08:54","slug":"vendanges-tardives-spaetlese","status":"publish","type":"page","link":"https:\/\/vinsrapp.com\/?page_id=1355&lang=de","title":{"rendered":"Vendanges Tardives &#8211; Sp\u00e4tlese (de)"},"content":{"rendered":"<h1>VENDANGES TARDIVES \u00a0 &#8211; Sp\u00e4tlese AOC Alsace<\/h1>\n<p><a href=\"http:\/\/vinsrapp.com\/wp-content\/uploads\/2014\/09\/gewurztraminer.jpg\"><img loading=\"lazy\" decoding=\"async\" class=\"alignnone size-medium wp-image-96\" src=\"http:\/\/vinsrapp.com\/wp-content\/uploads\/2014\/09\/gewurztraminer-211x300.jpg\" alt=\"gewurztraminer\" width=\"211\" height=\"300\" srcset=\"https:\/\/vinsrapp.com\/wp-content\/uploads\/2014\/09\/gewurztraminer-211x300.jpg 211w, https:\/\/vinsrapp.com\/wp-content\/uploads\/2014\/09\/gewurztraminer-722x1024.jpg 722w, https:\/\/vinsrapp.com\/wp-content\/uploads\/2014\/09\/gewurztraminer.jpg 1650w\" sizes=\"auto, (max-width: 211px) 100vw, 211px\" \/><\/a><a href=\"http:\/\/vinsrapp.com\/wp-content\/uploads\/2014\/10\/vt-demie-2007-etiq.jpg\">\u00a0\u00a0\u00a0\u00a0<\/a><a href=\"http:\/\/vinsrapp.com\/wp-content\/uploads\/2014\/10\/vt-demie-2007-copie.jpg\"><img loading=\"lazy\" decoding=\"async\" class=\"alignnone size-medium wp-image-198\" src=\"http:\/\/vinsrapp.com\/wp-content\/uploads\/2014\/10\/vt-demie-2007-copie-85x300.jpg\" alt=\"vt demie 2007 copie\" width=\"85\" height=\"300\" \/><\/a><a href=\"http:\/\/vinsrapp.com\/wp-content\/uploads\/2014\/10\/vt-demie-2007-etiq.jpg\">\u00a0 <\/a><\/p>\n<h6>Rebsorte :\u00a0Gew\u00fcrztraminer<\/h6>\n<h6>Farbe : Goldgelb<\/h6>\n<h6>Bukett : Wegen der sp\u00e4ten Weinlese (Mitte November) geben die \u00fcberreifen Trauben diesem s\u00fcssen Wein kandierte Noten, besonders die von Quittengelee.<\/h6>\n<h6>Passende Gerichte : Foie gras, Dessert oder am ende eines Essens zu geniessen. F\u00fcr Feinschmecker, am Kaminfeuer mit dunkler Schokolade!<\/h6>\n<p><a href=\"http:\/\/vinsrapp.com\/wp-content\/uploads\/2019\/09\/echelle-Doux-1.bmp\"><img loading=\"lazy\" decoding=\"async\" class=\"alignnone size-medium wp-image-1980\" src=\"http:\/\/vinsrapp.com\/wp-content\/uploads\/2019\/09\/echelle-Doux-1-300x51.jpg\" alt=\"\" width=\"300\" height=\"51\" srcset=\"https:\/\/vinsrapp.com\/wp-content\/uploads\/2019\/09\/echelle-Doux-1-300x51.jpg 300w, https:\/\/vinsrapp.com\/wp-content\/uploads\/2019\/09\/echelle-Doux-1.bmp 306w\" sizes=\"auto, (max-width: 300px) 100vw, 300px\" \/><\/a><\/p>\n<p>&nbsp;<\/p>\n<p>&nbsp;<\/p>\n","protected":false},"excerpt":{"rendered":"<p>VENDANGES TARDIVES \u00a0 &#8211; Sp\u00e4tlese AOC Alsace \u00a0\u00a0\u00a0\u00a0\u00a0 Rebsorte :\u00a0Gew\u00fcrztraminer Farbe : Goldgelb Bukett : Wegen der sp\u00e4ten Weinlese (Mitte November) geben die \u00fcberreifen Trauben diesem s\u00fcssen Wein kandierte Noten, besonders die von Quittengelee. Passende Gerichte : Foie gras, Dessert oder am ende eines Essens zu geniessen. F\u00fcr Feinschmecker, am Kaminfeuer mit dunkler Schokolade! &nbsp; &hellip; <a href=\"https:\/\/vinsrapp.com\/?page_id=1355&#038;lang=de\" class=\"more-link\">Continuer la lecture de <span class=\"screen-reader-text\">Vendanges Tardives &#8211; Sp\u00e4tlese (de)<\/span>  <span class=\"meta-nav\">&rarr;<\/span><\/a><\/p>\n","protected":false},"author":1,"featured_media":0,"parent":1152,"menu_order":0,"comment_status":"closed","ping_status":"open","template":"","meta":{"footnotes":""},"class_list":["post-1355","page","type-page","status-publish","hentry"],"_links":{"self":[{"href":"https:\/\/vinsrapp.com\/index.php?rest_route=\/wp\/v2\/pages\/1355","targetHints":{"allow":["GET"]}}],"collection":[{"href":"https:\/\/vinsrapp.com\/index.php?rest_route=\/wp\/v2\/pages"}],"about":[{"href":"https:\/\/vinsrapp.com\/index.php?rest_route=\/wp\/v2\/types\/page"}],"author":[{"embeddable":true,"href":"https:\/\/vinsrapp.com\/index.php?rest_route=\/wp\/v2\/users\/1"}],"replies":[{"embeddable":true,"href":"https:\/\/vinsrapp.com\/index.php?rest_route=%2Fwp%2Fv2%2Fcomments&post=1355"}],"version-history":[{"count":10,"href":"https:\/\/vinsrapp.com\/index.php?rest_route=\/wp\/v2\/pages\/1355\/revisions"}],"predecessor-version":[{"id":2113,"href":"https:\/\/vinsrapp.com\/index.php?rest_route=\/wp\/v2\/pages\/1355\/revisions\/2113"}],"up":[{"embeddable":true,"href":"https:\/\/vinsrapp.com\/index.php?rest_route=\/wp\/v2\/pages\/1152"}],"wp:attachment":[{"href":"https:\/\/vinsrapp.com\/index.php?rest_route=%2Fwp%2Fv2%2Fmedia&parent=1355"}],"curies":[{"name":"wp","href":"https:\/\/api.w.org\/{rel}","templated":true}]}}