{"id":1350,"date":"2018-02-04T21:21:46","date_gmt":"2018-02-04T21:21:46","guid":{"rendered":"http:\/\/vinsrapp.com\/?page_id=1350"},"modified":"2019-11-20T16:08:23","modified_gmt":"2019-11-20T16:08:23","slug":"sylvaner","status":"publish","type":"page","link":"https:\/\/vinsrapp.com\/?page_id=1350&lang=de","title":{"rendered":"Sylvaner (de)"},"content":{"rendered":"<h1>Sylvaner AOC Alsace<\/h1>\n<p><a href=\"http:\/\/vinsrapp.com\/wp-content\/uploads\/2014\/10\/sylvaner-2.jpg\"><img loading=\"lazy\" decoding=\"async\" class=\"alignnone size-medium wp-image-211\" src=\"http:\/\/vinsrapp.com\/wp-content\/uploads\/2014\/10\/sylvaner-2-144x300.jpg\" alt=\"sylvaner 2\" width=\"144\" height=\"300\" srcset=\"https:\/\/vinsrapp.com\/wp-content\/uploads\/2014\/10\/sylvaner-2-144x300.jpg 144w, https:\/\/vinsrapp.com\/wp-content\/uploads\/2014\/10\/sylvaner-2-491x1024.jpg 491w, https:\/\/vinsrapp.com\/wp-content\/uploads\/2014\/10\/sylvaner-2.jpg 624w\" sizes=\"auto, (max-width: 144px) 100vw, 144px\" \/><\/a><\/p>\n<p>&nbsp;<\/p>\n<p>Rebsorte : Sylvaner<\/p>\n<p>Farbe : Goldgelb, blass, klar und brillant<\/p>\n<p>Bukett : Frisch, leicht, fruchtig, Duftnoten von wei\u00dfen Blumen und Zitrusfr\u00fcchten. Ein Wein mit einer sch\u00f6nen Lebhaftigkeit.<\/p>\n<p>Passende Gerichte : Meeresfr\u00fcchte, Fisch, Wurstwaren und Salate<\/p>\n<p><a href=\"http:\/\/vinsrapp.com\/wp-content\/uploads\/2019\/09\/echelle-Sec-1.bmp\"><img loading=\"lazy\" decoding=\"async\" class=\"alignnone size-medium wp-image-1974\" src=\"http:\/\/vinsrapp.com\/wp-content\/uploads\/2019\/09\/echelle-Sec-1-300x51.jpg\" alt=\"\" width=\"300\" height=\"51\" srcset=\"https:\/\/vinsrapp.com\/wp-content\/uploads\/2019\/09\/echelle-Sec-1-300x51.jpg 300w, https:\/\/vinsrapp.com\/wp-content\/uploads\/2019\/09\/echelle-Sec-1.bmp 306w\" sizes=\"auto, (max-width: 300px) 100vw, 300px\" \/><\/a><\/p>\n<p>&nbsp;<\/p>\n","protected":false},"excerpt":{"rendered":"<p>Sylvaner AOC Alsace &nbsp; Rebsorte : Sylvaner Farbe : Goldgelb, blass, klar und brillant Bukett : Frisch, leicht, fruchtig, Duftnoten von wei\u00dfen Blumen und Zitrusfr\u00fcchten. Ein Wein mit einer sch\u00f6nen Lebhaftigkeit. Passende Gerichte : Meeresfr\u00fcchte, Fisch, Wurstwaren und Salate &nbsp;<\/p>\n","protected":false},"author":1,"featured_media":0,"parent":1152,"menu_order":0,"comment_status":"closed","ping_status":"open","template":"","meta":{"footnotes":""},"class_list":["post-1350","page","type-page","status-publish","hentry"],"_links":{"self":[{"href":"https:\/\/vinsrapp.com\/index.php?rest_route=\/wp\/v2\/pages\/1350","targetHints":{"allow":["GET"]}}],"collection":[{"href":"https:\/\/vinsrapp.com\/index.php?rest_route=\/wp\/v2\/pages"}],"about":[{"href":"https:\/\/vinsrapp.com\/index.php?rest_route=\/wp\/v2\/types\/page"}],"author":[{"embeddable":true,"href":"https:\/\/vinsrapp.com\/index.php?rest_route=\/wp\/v2\/users\/1"}],"replies":[{"embeddable":true,"href":"https:\/\/vinsrapp.com\/index.php?rest_route=%2Fwp%2Fv2%2Fcomments&post=1350"}],"version-history":[{"count":9,"href":"https:\/\/vinsrapp.com\/index.php?rest_route=\/wp\/v2\/pages\/1350\/revisions"}],"predecessor-version":[{"id":2111,"href":"https:\/\/vinsrapp.com\/index.php?rest_route=\/wp\/v2\/pages\/1350\/revisions\/2111"}],"up":[{"embeddable":true,"href":"https:\/\/vinsrapp.com\/index.php?rest_route=\/wp\/v2\/pages\/1152"}],"wp:attachment":[{"href":"https:\/\/vinsrapp.com\/index.php?rest_route=%2Fwp%2Fv2%2Fmedia&parent=1350"}],"curies":[{"name":"wp","href":"https:\/\/api.w.org\/{rel}","templated":true}]}}