{"id":1335,"date":"2018-02-04T21:02:41","date_gmt":"2018-02-04T21:02:41","guid":{"rendered":"http:\/\/vinsrapp.com\/?page_id=1335"},"modified":"2019-11-20T16:04:38","modified_gmt":"2019-11-20T16:04:38","slug":"riesling","status":"publish","type":"page","link":"https:\/\/vinsrapp.com\/?page_id=1335&lang=de","title":{"rendered":"Riesling (de)"},"content":{"rendered":"<h1><strong>RIESLING AOC Alsace<a href=\"http:\/\/vinsrapp.com\/wp-content\/uploads\/2014\/09\/riesling-raisin.jpg\"><img loading=\"lazy\" decoding=\"async\" class=\"aligncenter wp-image-167 size-medium\" src=\"http:\/\/vinsrapp.com\/wp-content\/uploads\/2014\/09\/riesling-raisin-298x300.jpg\" alt=\"riesling raisin\" width=\"298\" height=\"300\" srcset=\"https:\/\/vinsrapp.com\/wp-content\/uploads\/2014\/09\/riesling-raisin-298x300.jpg 298w, https:\/\/vinsrapp.com\/wp-content\/uploads\/2014\/09\/riesling-raisin-150x150.jpg 150w, https:\/\/vinsrapp.com\/wp-content\/uploads\/2014\/09\/riesling-raisin-1019x1024.jpg 1019w\" sizes=\"auto, (max-width: 298px) 100vw, 298px\" \/><\/a><\/strong><\/h1>\n<h6>Rebsorte : Riesling<\/h6>\n<h6>Farbe : Hellgelb, gl\u00e4nzend, klar mit leichten gr\u00fcnen Reflexen<\/h6>\n<h6>Bukett : Trocken, rassig, fein fruchtig, gro\u00dfe Feinheit mit blumigen und mineralischen D\u00fcften,\u00a0 mit einer Anlehnung an Zitrusfr\u00fcchte insbesondere von Zitrone und Grapefruit.<\/h6>\n<h6>Passende Gerichte : Fisch, Krustentiere, Gefl\u00fcgel oder Sauerkraut<\/h6>\n<p><a href=\"http:\/\/vinsrapp.com\/wp-content\/uploads\/2019\/09\/echelle-Demisec-1.bmp\"><img loading=\"lazy\" decoding=\"async\" class=\"alignnone size-medium wp-image-1979\" src=\"http:\/\/vinsrapp.com\/wp-content\/uploads\/2019\/09\/echelle-Demisec-1-300x51.jpg\" alt=\"\" width=\"300\" height=\"51\" srcset=\"https:\/\/vinsrapp.com\/wp-content\/uploads\/2019\/09\/echelle-Demisec-1-300x51.jpg 300w, https:\/\/vinsrapp.com\/wp-content\/uploads\/2019\/09\/echelle-Demisec-1.bmp 306w\" sizes=\"auto, (max-width: 300px) 100vw, 300px\" \/><\/a><\/p>\n<p>&nbsp;<\/p>\n","protected":false},"excerpt":{"rendered":"<p>RIESLING AOC Alsace Rebsorte : Riesling Farbe : Hellgelb, gl\u00e4nzend, klar mit leichten gr\u00fcnen Reflexen Bukett : Trocken, rassig, fein fruchtig, gro\u00dfe Feinheit mit blumigen und mineralischen D\u00fcften,\u00a0 mit einer Anlehnung an Zitrusfr\u00fcchte insbesondere von Zitrone und Grapefruit. Passende Gerichte : Fisch, Krustentiere, Gefl\u00fcgel oder Sauerkraut &nbsp;<\/p>\n","protected":false},"author":1,"featured_media":0,"parent":1152,"menu_order":0,"comment_status":"closed","ping_status":"open","template":"","meta":{"footnotes":""},"class_list":["post-1335","page","type-page","status-publish","hentry"],"_links":{"self":[{"href":"https:\/\/vinsrapp.com\/index.php?rest_route=\/wp\/v2\/pages\/1335","targetHints":{"allow":["GET"]}}],"collection":[{"href":"https:\/\/vinsrapp.com\/index.php?rest_route=\/wp\/v2\/pages"}],"about":[{"href":"https:\/\/vinsrapp.com\/index.php?rest_route=\/wp\/v2\/types\/page"}],"author":[{"embeddable":true,"href":"https:\/\/vinsrapp.com\/index.php?rest_route=\/wp\/v2\/users\/1"}],"replies":[{"embeddable":true,"href":"https:\/\/vinsrapp.com\/index.php?rest_route=%2Fwp%2Fv2%2Fcomments&post=1335"}],"version-history":[{"count":9,"href":"https:\/\/vinsrapp.com\/index.php?rest_route=\/wp\/v2\/pages\/1335\/revisions"}],"predecessor-version":[{"id":2107,"href":"https:\/\/vinsrapp.com\/index.php?rest_route=\/wp\/v2\/pages\/1335\/revisions\/2107"}],"up":[{"embeddable":true,"href":"https:\/\/vinsrapp.com\/index.php?rest_route=\/wp\/v2\/pages\/1152"}],"wp:attachment":[{"href":"https:\/\/vinsrapp.com\/index.php?rest_route=%2Fwp%2Fv2%2Fmedia&parent=1335"}],"curies":[{"name":"wp","href":"https:\/\/api.w.org\/{rel}","templated":true}]}}