{"id":1307,"date":"2018-02-04T20:37:08","date_gmt":"2018-02-04T20:37:08","guid":{"rendered":"http:\/\/vinsrapp.com\/?page_id=1307"},"modified":"2019-11-20T16:02:01","modified_gmt":"2019-11-20T16:02:01","slug":"pinot-gris","status":"publish","type":"page","link":"https:\/\/vinsrapp.com\/?page_id=1307&lang=de","title":{"rendered":"Pinot Gris (de)"},"content":{"rendered":"<h1>PINOT GRIS AOC Alsace<\/h1>\n<p><a href=\"http:\/\/vinsrapp.com\/wp-content\/uploads\/2015\/07\/photo_0091-Copie.jpg\"><img loading=\"lazy\" decoding=\"async\" class=\"alignnone size-medium wp-image-731\" src=\"http:\/\/vinsrapp.com\/wp-content\/uploads\/2015\/07\/photo_0091-Copie-232x300.jpg\" alt=\"photo_0091 - Copie\" width=\"232\" height=\"300\" srcset=\"https:\/\/vinsrapp.com\/wp-content\/uploads\/2015\/07\/photo_0091-Copie-232x300.jpg 232w, https:\/\/vinsrapp.com\/wp-content\/uploads\/2015\/07\/photo_0091-Copie-792x1024.jpg 792w, https:\/\/vinsrapp.com\/wp-content\/uploads\/2015\/07\/photo_0091-Copie.jpg 1219w\" sizes=\"auto, (max-width: 232px) 100vw, 232px\" \/><\/a><\/p>\n<h6>Rebsorte :\u00a0Pinot Gris<\/h6>\n<h6>Farbe : Goldgelb mit strohgelben Reflexen<\/h6>\n<h6>Bukett : kr\u00e4ftig, rund und vollmundig, mit leichte Rauch- und Strauchgeschm\u00e4cke.<\/h6>\n<h6>Passende Gerichte : Gefl\u00fcgel, Braten und Wild<\/h6>\n<p><a href=\"http:\/\/vinsrapp.com\/wp-content\/uploads\/2019\/09\/echelle-Demisec-1.bmp\"><img loading=\"lazy\" decoding=\"async\" class=\"alignnone size-medium wp-image-1979\" src=\"http:\/\/vinsrapp.com\/wp-content\/uploads\/2019\/09\/echelle-Demisec-1-300x51.jpg\" alt=\"\" width=\"300\" height=\"51\" srcset=\"https:\/\/vinsrapp.com\/wp-content\/uploads\/2019\/09\/echelle-Demisec-1-300x51.jpg 300w, https:\/\/vinsrapp.com\/wp-content\/uploads\/2019\/09\/echelle-Demisec-1.bmp 306w\" sizes=\"auto, (max-width: 300px) 100vw, 300px\" \/><\/a><\/p>\n<p>&nbsp;<\/p>\n","protected":false},"excerpt":{"rendered":"<p>PINOT GRIS AOC Alsace Rebsorte :\u00a0Pinot Gris Farbe : Goldgelb mit strohgelben Reflexen Bukett : kr\u00e4ftig, rund und vollmundig, mit leichte Rauch- und Strauchgeschm\u00e4cke. Passende Gerichte : Gefl\u00fcgel, Braten und Wild &nbsp;<\/p>\n","protected":false},"author":1,"featured_media":0,"parent":1152,"menu_order":0,"comment_status":"closed","ping_status":"open","template":"","meta":{"footnotes":""},"class_list":["post-1307","page","type-page","status-publish","hentry"],"_links":{"self":[{"href":"https:\/\/vinsrapp.com\/index.php?rest_route=\/wp\/v2\/pages\/1307","targetHints":{"allow":["GET"]}}],"collection":[{"href":"https:\/\/vinsrapp.com\/index.php?rest_route=\/wp\/v2\/pages"}],"about":[{"href":"https:\/\/vinsrapp.com\/index.php?rest_route=\/wp\/v2\/types\/page"}],"author":[{"embeddable":true,"href":"https:\/\/vinsrapp.com\/index.php?rest_route=\/wp\/v2\/users\/1"}],"replies":[{"embeddable":true,"href":"https:\/\/vinsrapp.com\/index.php?rest_route=%2Fwp%2Fv2%2Fcomments&post=1307"}],"version-history":[{"count":11,"href":"https:\/\/vinsrapp.com\/index.php?rest_route=\/wp\/v2\/pages\/1307\/revisions"}],"predecessor-version":[{"id":2099,"href":"https:\/\/vinsrapp.com\/index.php?rest_route=\/wp\/v2\/pages\/1307\/revisions\/2099"}],"up":[{"embeddable":true,"href":"https:\/\/vinsrapp.com\/index.php?rest_route=\/wp\/v2\/pages\/1152"}],"wp:attachment":[{"href":"https:\/\/vinsrapp.com\/index.php?rest_route=%2Fwp%2Fv2%2Fmedia&parent=1307"}],"curies":[{"name":"wp","href":"https:\/\/api.w.org\/{rel}","templated":true}]}}