{"id":13,"date":"2014-09-23T20:59:10","date_gmt":"2014-09-23T20:59:10","guid":{"rendered":"http:\/\/vinsrapp.com\/?page_id=13"},"modified":"2026-04-08T08:43:55","modified_gmt":"2026-04-08T08:43:55","slug":"actualites","status":"publish","type":"page","link":"https:\/\/vinsrapp.com\/?page_id=13","title":{"rendered":"Actualit\u00e9s"},"content":{"rendered":"\n<p><span style=\"color:#f11519\" class=\"has-inline-color\"><\/span><\/p>\n\n\n\n<p><\/p>\n\n\n\n<p class=\"has-medium-font-size\"><strong>LES SALONS ET \u00c9V\u00c8NEMENTS 2026<\/strong><\/p>\n\n\n\n<p class=\"has-background has-medium-font-size\" style=\"background-color:#f9b331\"><strong>Mai : <\/strong><\/p>\n\n\n\n<p><strong>le 1er Mai d\u00e8s 18h : Food Trucks et Vins<\/strong><\/p>\n\n\n\n<p>Venez d\u00e9couvrir notre nouvel \u00e9v\u00e8nement au domaine!<br>Au programme de cette soir\u00e9e : <br>&#8211; Bonne humeur et convivialit\u00e9 gr\u00e2ce au groupe <strong>\u00ab\u00a0Les Chicos\u00a0\u00bb<\/strong><br>&#8211;<strong> Vins du domaine :<\/strong> y compris nos nouveaut\u00e9s \u00e0 d\u00e9guster absolument !<br>&#8211; Gaufres sal\u00e9es et sucr\u00e9es de<strong> \u00ab\u00a0Kroc&rsquo;s<\/strong>\u00ab\u00a0<br>&#8211; D\u00e9licieux produits Italiens de <strong>\u00ab\u00a0Comme en Italie\u00a0\u00bb<\/strong> le nouveau commerce de Dorlisheim, qui n&rsquo;a pas qu&rsquo;une \u00e9picerie fine Italienne, ils ont aussi un food truck ! <\/p>\n\n\n\n<p>MIAM !!!<br><\/p>\n\n\n<div class=\"wp-block-image\">\n<figure class=\"aligncenter size-large is-resized\"><a href=\"https:\/\/vinsrapp.com\/wp-content\/uploads\/2026\/04\/Affiche-01.05.2026.jpg\"><img loading=\"lazy\" decoding=\"async\" width=\"683\" height=\"1024\" src=\"https:\/\/vinsrapp.com\/wp-content\/uploads\/2026\/04\/Affiche-01.05.2026-683x1024.jpg\" alt=\"\" class=\"wp-image-2673\" style=\"width:406px;height:auto\" srcset=\"https:\/\/vinsrapp.com\/wp-content\/uploads\/2026\/04\/Affiche-01.05.2026-683x1024.jpg 683w, https:\/\/vinsrapp.com\/wp-content\/uploads\/2026\/04\/Affiche-01.05.2026-200x300.jpg 200w, https:\/\/vinsrapp.com\/wp-content\/uploads\/2026\/04\/Affiche-01.05.2026-768x1152.jpg 768w, https:\/\/vinsrapp.com\/wp-content\/uploads\/2026\/04\/Affiche-01.05.2026.jpg 1024w\" sizes=\"auto, (max-width: 683px) 100vw, 683px\" \/><\/a><\/figure>\n<\/div>\n\n\n<p class=\"has-background has-medium-font-size\" style=\"background-color:#f9b331\"><strong>Novembre : <\/strong><\/p>\n\n\n\n<p>les 7 et 8 <strong>\u00ab\u00a0A la rencontre de notre terroir \u00ab\u00a0<\/strong><br> march\u00e9 du terroir et portes ouvertes <br> au domaine<\/p>\n\n\n<div class=\"wp-block-image\">\n<figure class=\"aligncenter size-large is-resized\"><a href=\"https:\/\/vinsrapp.com\/wp-content\/uploads\/2026\/04\/affiche-2026-sans-asso.jpg\"><img loading=\"lazy\" decoding=\"async\" width=\"722\" height=\"1024\" src=\"https:\/\/vinsrapp.com\/wp-content\/uploads\/2026\/04\/affiche-2026-sans-asso-722x1024.jpg\" alt=\"\" class=\"wp-image-2672\" style=\"width:326px;height:auto\" srcset=\"https:\/\/vinsrapp.com\/wp-content\/uploads\/2026\/04\/affiche-2026-sans-asso-722x1024.jpg 722w, https:\/\/vinsrapp.com\/wp-content\/uploads\/2026\/04\/affiche-2026-sans-asso-211x300.jpg 211w, https:\/\/vinsrapp.com\/wp-content\/uploads\/2026\/04\/affiche-2026-sans-asso-768x1090.jpg 768w, https:\/\/vinsrapp.com\/wp-content\/uploads\/2026\/04\/affiche-2026-sans-asso.jpg 874w\" sizes=\"auto, (max-width: 722px) 100vw, 722px\" \/><\/a><\/figure>\n<\/div>\n\n\n<p><strong> Du 21 au 22 : Mini-salon au domaine du Pressoir Fleuri<\/strong><br> \u00e0 Chiroubles (69)<\/p>\n\n\n\n<p class=\"has-background has-medium-font-size\" style=\"background-color:#f9b331\"><strong>D\u00e9cembre :<\/strong> <\/p>\n\n\n\n<p><strong>Boutique \u00e9ph\u00e9m\u00e8re \u00e0 Sucy en Brie<\/strong> (94)<\/p>\n\n\n\n<h5 class=\"wp-block-heading has-text-align-center\">Vous pourrez y retrouver un large \u00e9ventail de nos vins ainsi que de nombreux produits alsaciens : foie gras, gourmandises \u00e0 base de canard de la \u00ab\u00a0Ferme de la plume d&rsquo;or\u00a0\u00bb, petits g\u00e2teaux Alsaciens,&#8230; <\/h5>\n\n\n<div class=\"wp-block-image\">\n<figure class=\"aligncenter size-full is-resized\"><a href=\"https:\/\/vinsrapp.com\/wp-content\/uploads\/2025\/07\/1091831711616584487.jpg\"><img loading=\"lazy\" decoding=\"async\" width=\"987\" height=\"740\" src=\"https:\/\/vinsrapp.com\/wp-content\/uploads\/2025\/07\/1091831711616584487.jpg\" alt=\"\" class=\"wp-image-2598\" style=\"width:301px;height:auto\" srcset=\"https:\/\/vinsrapp.com\/wp-content\/uploads\/2025\/07\/1091831711616584487.jpg 987w, https:\/\/vinsrapp.com\/wp-content\/uploads\/2025\/07\/1091831711616584487-300x225.jpg 300w, https:\/\/vinsrapp.com\/wp-content\/uploads\/2025\/07\/1091831711616584487-768x576.jpg 768w\" sizes=\"auto, (max-width: 987px) 100vw, 987px\" \/><\/a><\/figure>\n<\/div>\n\n\n<p class=\"has-background has-medium-font-size\" style=\"background-color:#f9b331\"><strong>F\u00e9vrier \/ Mars :<\/strong><\/p>\n\n\n\n<p><strong>Du 27 F\u00e9vrier au 1er Mars, Salon des vins et des saveurs de Douai (59)<\/strong><\/p>\n\n\n\n<p>Salle des f\u00eates de Quincy.<\/p>\n\n\n\n<p><strong>Les 7 et 8 Mars : Salon des Vins de Lumes<\/strong> (08)<\/p>\n\n\n\n<p><strong>Les 7 et 8 Mars : Salon des Vins de Saint Georges de Groseillers (61)<\/strong><\/p>\n","protected":false},"excerpt":{"rendered":"<p>LES SALONS ET \u00c9V\u00c8NEMENTS 2026 Mai : le 1er Mai d\u00e8s 18h : Food Trucks et Vins Venez d\u00e9couvrir notre nouvel \u00e9v\u00e8nement au domaine!Au programme de cette soir\u00e9e : &#8211; Bonne humeur et convivialit\u00e9 gr\u00e2ce au groupe \u00ab\u00a0Les Chicos\u00a0\u00bb&#8211; Vins du domaine : y compris nos nouveaut\u00e9s \u00e0 d\u00e9guster absolument !&#8211; Gaufres sal\u00e9es et sucr\u00e9es &hellip; <a href=\"https:\/\/vinsrapp.com\/?page_id=13\" class=\"more-link\">Continuer la lecture de <span class=\"screen-reader-text\">Actualit\u00e9s<\/span>  <span class=\"meta-nav\">&rarr;<\/span><\/a><\/p>\n","protected":false},"author":1,"featured_media":0,"parent":0,"menu_order":0,"comment_status":"closed","ping_status":"open","template":"","meta":{"footnotes":""},"class_list":["post-13","page","type-page","status-publish","hentry"],"_links":{"self":[{"href":"https:\/\/vinsrapp.com\/index.php?rest_route=\/wp\/v2\/pages\/13","targetHints":{"allow":["GET"]}}],"collection":[{"href":"https:\/\/vinsrapp.com\/index.php?rest_route=\/wp\/v2\/pages"}],"about":[{"href":"https:\/\/vinsrapp.com\/index.php?rest_route=\/wp\/v2\/types\/page"}],"author":[{"embeddable":true,"href":"https:\/\/vinsrapp.com\/index.php?rest_route=\/wp\/v2\/users\/1"}],"replies":[{"embeddable":true,"href":"https:\/\/vinsrapp.com\/index.php?rest_route=%2Fwp%2Fv2%2Fcomments&post=13"}],"version-history":[{"count":113,"href":"https:\/\/vinsrapp.com\/index.php?rest_route=\/wp\/v2\/pages\/13\/revisions"}],"predecessor-version":[{"id":2674,"href":"https:\/\/vinsrapp.com\/index.php?rest_route=\/wp\/v2\/pages\/13\/revisions\/2674"}],"wp:attachment":[{"href":"https:\/\/vinsrapp.com\/index.php?rest_route=%2Fwp%2Fv2%2Fmedia&parent=13"}],"curies":[{"name":"wp","href":"https:\/\/api.w.org\/{rel}","templated":true}]}}