{"id":1291,"date":"2018-02-04T17:49:13","date_gmt":"2018-02-04T17:49:13","guid":{"rendered":"http:\/\/vinsrapp.com\/?page_id=1291"},"modified":"2019-11-20T15:59:16","modified_gmt":"2019-11-20T15:59:16","slug":"gewurztraminer-lieu-dit-stierkopf","status":"publish","type":"page","link":"https:\/\/vinsrapp.com\/?page_id=1291&lang=de","title":{"rendered":"Gewurztraminer Lieu dit Stierkopf (de)"},"content":{"rendered":"<h1>GEW\u00dcRZTRAMINER L<em>ieu dit\u00a0 STIERKOPF<\/em> AOC Alsace<\/h1>\n<p><a href=\"http:\/\/vinsrapp.com\/wp-content\/uploads\/2014\/09\/gewurztraminer.jpg\"><img loading=\"lazy\" decoding=\"async\" class=\"alignnone size-medium wp-image-96\" src=\"http:\/\/vinsrapp.com\/wp-content\/uploads\/2014\/09\/gewurztraminer-211x300.jpg\" alt=\"gewurztraminer\" width=\"211\" height=\"300\" srcset=\"https:\/\/vinsrapp.com\/wp-content\/uploads\/2014\/09\/gewurztraminer-211x300.jpg 211w, https:\/\/vinsrapp.com\/wp-content\/uploads\/2014\/09\/gewurztraminer-722x1024.jpg 722w, https:\/\/vinsrapp.com\/wp-content\/uploads\/2014\/09\/gewurztraminer.jpg 1650w\" sizes=\"auto, (max-width: 211px) 100vw, 211px\" \/><\/a><\/p>\n<h6>Rebsorte :\u00a0Gew\u00fcrztraminer<\/h6>\n<h6>Farbe : Goldgelb<\/h6>\n<h6>Bukett : Ein reiner Ausdruck vom Bodens des Stierkopfes! Lebendiger, fruchtiger und sehr ausdrucksvoller Wein. Sehr Schmackhaft!<\/h6>\n<h6>Passende Gerichte : Aperitif, asiatische K\u00fcche, M\u00fcnsterk\u00e4se oder andere reife, kr\u00e4ftige K\u00e4sesorten, Dessert<\/h6>\n<p><a href=\"http:\/\/vinsrapp.com\/wp-content\/uploads\/2019\/09\/echelle-Moelleux-1.bmp\"><img loading=\"lazy\" decoding=\"async\" class=\"alignnone size-medium wp-image-1981\" src=\"http:\/\/vinsrapp.com\/wp-content\/uploads\/2019\/09\/echelle-Moelleux-1-300x51.jpg\" alt=\"\" width=\"300\" height=\"51\" srcset=\"https:\/\/vinsrapp.com\/wp-content\/uploads\/2019\/09\/echelle-Moelleux-1-300x51.jpg 300w, https:\/\/vinsrapp.com\/wp-content\/uploads\/2019\/09\/echelle-Moelleux-1.bmp 306w\" sizes=\"auto, (max-width: 300px) 100vw, 300px\" \/><\/a><\/p>\n<p>&nbsp;<\/p>\n<p>&nbsp;<\/p>\n","protected":false},"excerpt":{"rendered":"<p>GEW\u00dcRZTRAMINER Lieu dit\u00a0 STIERKOPF AOC Alsace Rebsorte :\u00a0Gew\u00fcrztraminer Farbe : Goldgelb Bukett : Ein reiner Ausdruck vom Bodens des Stierkopfes! Lebendiger, fruchtiger und sehr ausdrucksvoller Wein. Sehr Schmackhaft! Passende Gerichte : Aperitif, asiatische K\u00fcche, M\u00fcnsterk\u00e4se oder andere reife, kr\u00e4ftige K\u00e4sesorten, Dessert &nbsp; &nbsp;<\/p>\n","protected":false},"author":1,"featured_media":0,"parent":1152,"menu_order":0,"comment_status":"closed","ping_status":"open","template":"","meta":{"footnotes":""},"class_list":["post-1291","page","type-page","status-publish","hentry"],"_links":{"self":[{"href":"https:\/\/vinsrapp.com\/index.php?rest_route=\/wp\/v2\/pages\/1291","targetHints":{"allow":["GET"]}}],"collection":[{"href":"https:\/\/vinsrapp.com\/index.php?rest_route=\/wp\/v2\/pages"}],"about":[{"href":"https:\/\/vinsrapp.com\/index.php?rest_route=\/wp\/v2\/types\/page"}],"author":[{"embeddable":true,"href":"https:\/\/vinsrapp.com\/index.php?rest_route=\/wp\/v2\/users\/1"}],"replies":[{"embeddable":true,"href":"https:\/\/vinsrapp.com\/index.php?rest_route=%2Fwp%2Fv2%2Fcomments&post=1291"}],"version-history":[{"count":9,"href":"https:\/\/vinsrapp.com\/index.php?rest_route=\/wp\/v2\/pages\/1291\/revisions"}],"predecessor-version":[{"id":2093,"href":"https:\/\/vinsrapp.com\/index.php?rest_route=\/wp\/v2\/pages\/1291\/revisions\/2093"}],"up":[{"embeddable":true,"href":"https:\/\/vinsrapp.com\/index.php?rest_route=\/wp\/v2\/pages\/1152"}],"wp:attachment":[{"href":"https:\/\/vinsrapp.com\/index.php?rest_route=%2Fwp%2Fv2%2Fmedia&parent=1291"}],"curies":[{"name":"wp","href":"https:\/\/api.w.org\/{rel}","templated":true}]}}