{"id":1225,"date":"2018-02-04T17:29:50","date_gmt":"2018-02-04T17:29:50","guid":{"rendered":"http:\/\/vinsrapp.com\/?page_id=1225"},"modified":"2019-11-20T15:47:13","modified_gmt":"2019-11-20T15:47:13","slug":"gewurztraminer","status":"publish","type":"page","link":"https:\/\/vinsrapp.com\/?page_id=1225&lang=de","title":{"rendered":"Gewurztraminer (de)"},"content":{"rendered":"<h1>GEWURZTRAMINER\u00a0AOC Alsace<\/h1>\n<p><a href=\"http:\/\/vinsrapp.com\/wp-content\/uploads\/2014\/09\/gewurztraminer.jpg\"><img loading=\"lazy\" decoding=\"async\" class=\"alignnone size-medium wp-image-96\" src=\"http:\/\/vinsrapp.com\/wp-content\/uploads\/2014\/09\/gewurztraminer-211x300.jpg\" alt=\"gewurztraminer\" width=\"211\" height=\"300\" srcset=\"https:\/\/vinsrapp.com\/wp-content\/uploads\/2014\/09\/gewurztraminer-211x300.jpg 211w, https:\/\/vinsrapp.com\/wp-content\/uploads\/2014\/09\/gewurztraminer-722x1024.jpg 722w, https:\/\/vinsrapp.com\/wp-content\/uploads\/2014\/09\/gewurztraminer.jpg 1650w\" sizes=\"auto, (max-width: 211px) 100vw, 211px\" \/><\/a><\/p>\n<h6>Rebsorte :\u00a0Gew\u00fcrztraminer<\/h6>\n<h6>Farbe : Goldgelb<\/h6>\n<h6>Bukett : Charakteristische D\u00fcfte von Gewurztraminer, Litchi, Rose und w\u00fcrzigen Noten. Rund, gut ausgeglichen und ausdrucksstark.<\/h6>\n<h6>Passende Gerichte :\u00a0Aperitif, Asiatische K\u00fcche, M\u00fcnsterk\u00e4se, Dessert<\/h6>\n<p><a href=\"http:\/\/vinsrapp.com\/wp-content\/uploads\/2019\/09\/echelle-Demisec-1.bmp\"><img loading=\"lazy\" decoding=\"async\" class=\"alignnone size-medium wp-image-1979\" src=\"http:\/\/vinsrapp.com\/wp-content\/uploads\/2019\/09\/echelle-Demisec-1-300x51.jpg\" alt=\"\" width=\"300\" height=\"51\" srcset=\"https:\/\/vinsrapp.com\/wp-content\/uploads\/2019\/09\/echelle-Demisec-1-300x51.jpg 300w, https:\/\/vinsrapp.com\/wp-content\/uploads\/2019\/09\/echelle-Demisec-1.bmp 306w\" sizes=\"auto, (max-width: 300px) 100vw, 300px\" \/><\/a><\/p>\n<p><strong>Auszeichnungen :<\/strong><br \/>\n<strong><a title=\"Guide Hachette des Vins 2011\" href=\"http:\/\/vinsrapp.com\/?page_id=395\">Guide Hachette des Vins 2011<\/a><\/strong><\/p>\n<p>&nbsp;<\/p>\n","protected":false},"excerpt":{"rendered":"<p>GEWURZTRAMINER\u00a0AOC Alsace Rebsorte :\u00a0Gew\u00fcrztraminer Farbe : Goldgelb Bukett : Charakteristische D\u00fcfte von Gewurztraminer, Litchi, Rose und w\u00fcrzigen Noten. Rund, gut ausgeglichen und ausdrucksstark. Passende Gerichte :\u00a0Aperitif, Asiatische K\u00fcche, M\u00fcnsterk\u00e4se, Dessert Auszeichnungen : Guide Hachette des Vins 2011 &nbsp;<\/p>\n","protected":false},"author":1,"featured_media":0,"parent":1152,"menu_order":0,"comment_status":"closed","ping_status":"open","template":"","meta":{"footnotes":""},"class_list":["post-1225","page","type-page","status-publish","hentry"],"_links":{"self":[{"href":"https:\/\/vinsrapp.com\/index.php?rest_route=\/wp\/v2\/pages\/1225","targetHints":{"allow":["GET"]}}],"collection":[{"href":"https:\/\/vinsrapp.com\/index.php?rest_route=\/wp\/v2\/pages"}],"about":[{"href":"https:\/\/vinsrapp.com\/index.php?rest_route=\/wp\/v2\/types\/page"}],"author":[{"embeddable":true,"href":"https:\/\/vinsrapp.com\/index.php?rest_route=\/wp\/v2\/users\/1"}],"replies":[{"embeddable":true,"href":"https:\/\/vinsrapp.com\/index.php?rest_route=%2Fwp%2Fv2%2Fcomments&post=1225"}],"version-history":[{"count":9,"href":"https:\/\/vinsrapp.com\/index.php?rest_route=\/wp\/v2\/pages\/1225\/revisions"}],"predecessor-version":[{"id":2087,"href":"https:\/\/vinsrapp.com\/index.php?rest_route=\/wp\/v2\/pages\/1225\/revisions\/2087"}],"up":[{"embeddable":true,"href":"https:\/\/vinsrapp.com\/index.php?rest_route=\/wp\/v2\/pages\/1152"}],"wp:attachment":[{"href":"https:\/\/vinsrapp.com\/index.php?rest_route=%2Fwp%2Fv2%2Fmedia&parent=1225"}],"curies":[{"name":"wp","href":"https:\/\/api.w.org\/{rel}","templated":true}]}}