{"id":1206,"date":"2018-02-04T17:18:54","date_gmt":"2018-02-04T17:18:54","guid":{"rendered":"http:\/\/vinsrapp.com\/?page_id=1206"},"modified":"2019-11-20T15:45:40","modified_gmt":"2019-11-20T15:45:40","slug":"auxerrois-muhlweg","status":"publish","type":"page","link":"https:\/\/vinsrapp.com\/?page_id=1206&lang=de","title":{"rendered":"Auxerrois Muhlweg (de)"},"content":{"rendered":"<h1>AUXERROIS MUHLWEG AOC Alsace<\/h1>\n<p><a href=\"http:\/\/vinsrapp.com\/wp-content\/uploads\/2014\/09\/pinot-blanc-raisin.jpg\"><img loading=\"lazy\" decoding=\"async\" class=\"alignnone wp-image-150\" src=\"http:\/\/vinsrapp.com\/wp-content\/uploads\/2014\/09\/pinot-blanc-raisin-196x300.jpg\" alt=\"pinot blanc raisin\" width=\"175\" height=\"268\" srcset=\"https:\/\/vinsrapp.com\/wp-content\/uploads\/2014\/09\/pinot-blanc-raisin-196x300.jpg 196w, https:\/\/vinsrapp.com\/wp-content\/uploads\/2014\/09\/pinot-blanc-raisin-669x1024.jpg 669w, https:\/\/vinsrapp.com\/wp-content\/uploads\/2014\/09\/pinot-blanc-raisin.jpg 1710w\" sizes=\"auto, (max-width: 175px) 100vw, 175px\" \/><\/a><\/p>\n<h6>Rebsorte : Auxerrois<\/h6>\n<h6>Spezifizit\u00e4t : Aus einem Boden in besonderer Lage mit einzigartigen Besonderheiten, dem M\u00fchlweg, und 12 Monate im Fass ausgebaut.<\/h6>\n<h6>Bukett : Sehr s<span id=\"tran0\">ch\u00f6ner Auxerrois, der in einem hundertj\u00e4hrigen Fass ausgebaut wurde. Fein, mit Blumennoten, eine Spritze von Zitrusfr\u00fcchten und mit einer bemerkenswerten Komplexit\u00e4t. Seine Aromen sind gleichzeitig rein und k\u00f6stlich. <\/span><span id=\"tran0\">Seine leichte S\u00fcsse und seine sch\u00f6ne Struktur machen aus dieser Cuv\u00e9e einen Gastronomiewein.<\/span><\/h6>\n<h6>Passende Gerichte : Alle Gerichte von der Vorspeise bis zum K\u00e4se (Wurstwaren, Gefl\u00fcgel in Sauce, Fisch,&#8230;)<\/h6>\n<p><a href=\"http:\/\/vinsrapp.com\/wp-content\/uploads\/2019\/09\/echelle-Demisec-1.bmp\"><img loading=\"lazy\" decoding=\"async\" class=\"alignnone size-medium wp-image-1979\" src=\"http:\/\/vinsrapp.com\/wp-content\/uploads\/2019\/09\/echelle-Demisec-1-300x51.jpg\" alt=\"\" width=\"300\" height=\"51\" srcset=\"https:\/\/vinsrapp.com\/wp-content\/uploads\/2019\/09\/echelle-Demisec-1-300x51.jpg 300w, https:\/\/vinsrapp.com\/wp-content\/uploads\/2019\/09\/echelle-Demisec-1.bmp 306w\" sizes=\"auto, (max-width: 300px) 100vw, 300px\" \/><\/a><\/p>\n<h6>Auszeichnungen :<\/h6>\n<h6><a title=\"Elle \u00e0 Table\" href=\"http:\/\/vinsrapp.com\/?page_id=899\">Elle \u00e0 Table 2017<\/a><\/h6>\n<p><a title=\"Guide Hachette des Vins 2017\" href=\"http:\/\/vinsrapp.com\/?page_id=494\"><strong>Guide Hachette des Vins 2017<\/strong><\/a><\/p>\n<p><strong><a title=\"Dans le noir\" href=\"http:\/\/vinsrapp.com\/?page_id=576\">M\u00e9daille d&rsquo;argent Blind tasting Awards \u00ab\u00a0Dans le noir?\u00a0\u00bb<\/a><\/strong><\/p>\n<p><strong><a title=\"Guide Hachette des Vins 2015\" href=\"http:\/\/vinsrapp.com\/?page_id=401\">Guide Hachette des Vins 2015<\/a><\/strong><\/p>\n<p><strong><a title=\"Guide Hachette des Vins 2002\" href=\"http:\/\/vinsrapp.com\/?page_id=319\">Guide Hachette des Vins 2002<\/a><\/strong><\/p>\n","protected":false},"excerpt":{"rendered":"<p>AUXERROIS MUHLWEG AOC Alsace Rebsorte : Auxerrois Spezifizit\u00e4t : Aus einem Boden in besonderer Lage mit einzigartigen Besonderheiten, dem M\u00fchlweg, und 12 Monate im Fass ausgebaut. Bukett : Sehr sch\u00f6ner Auxerrois, der in einem hundertj\u00e4hrigen Fass ausgebaut wurde. Fein, mit Blumennoten, eine Spritze von Zitrusfr\u00fcchten und mit einer bemerkenswerten Komplexit\u00e4t. Seine Aromen sind gleichzeitig rein &hellip; <a href=\"https:\/\/vinsrapp.com\/?page_id=1206&#038;lang=de\" class=\"more-link\">Continuer la lecture de <span class=\"screen-reader-text\">Auxerrois Muhlweg (de)<\/span>  <span class=\"meta-nav\">&rarr;<\/span><\/a><\/p>\n","protected":false},"author":1,"featured_media":0,"parent":1152,"menu_order":0,"comment_status":"closed","ping_status":"open","template":"","meta":{"footnotes":""},"class_list":["post-1206","page","type-page","status-publish","hentry"],"_links":{"self":[{"href":"https:\/\/vinsrapp.com\/index.php?rest_route=\/wp\/v2\/pages\/1206","targetHints":{"allow":["GET"]}}],"collection":[{"href":"https:\/\/vinsrapp.com\/index.php?rest_route=\/wp\/v2\/pages"}],"about":[{"href":"https:\/\/vinsrapp.com\/index.php?rest_route=\/wp\/v2\/types\/page"}],"author":[{"embeddable":true,"href":"https:\/\/vinsrapp.com\/index.php?rest_route=\/wp\/v2\/users\/1"}],"replies":[{"embeddable":true,"href":"https:\/\/vinsrapp.com\/index.php?rest_route=%2Fwp%2Fv2%2Fcomments&post=1206"}],"version-history":[{"count":14,"href":"https:\/\/vinsrapp.com\/index.php?rest_route=\/wp\/v2\/pages\/1206\/revisions"}],"predecessor-version":[{"id":2081,"href":"https:\/\/vinsrapp.com\/index.php?rest_route=\/wp\/v2\/pages\/1206\/revisions\/2081"}],"up":[{"embeddable":true,"href":"https:\/\/vinsrapp.com\/index.php?rest_route=\/wp\/v2\/pages\/1152"}],"wp:attachment":[{"href":"https:\/\/vinsrapp.com\/index.php?rest_route=%2Fwp%2Fv2%2Fmedia&parent=1206"}],"curies":[{"name":"wp","href":"https:\/\/api.w.org\/{rel}","templated":true}]}}