{"id":1194,"date":"2018-02-04T15:35:55","date_gmt":"2018-02-04T15:35:55","guid":{"rendered":"http:\/\/vinsrapp.com\/?page_id=1194"},"modified":"2019-11-20T15:44:24","modified_gmt":"2019-11-20T15:44:24","slug":"auxerrois","status":"publish","type":"page","link":"https:\/\/vinsrapp.com\/?page_id=1194&lang=de","title":{"rendered":"Auxerrois (de)"},"content":{"rendered":"<h1>AUXERROIS AOC Alsace<\/h1>\n<p><a href=\"http:\/\/vinsrapp.com\/wp-content\/uploads\/2014\/09\/pinot-blanc-raisin.jpg\"><img loading=\"lazy\" decoding=\"async\" class=\"alignnone size-medium wp-image-150\" src=\"http:\/\/vinsrapp.com\/wp-content\/uploads\/2014\/09\/pinot-blanc-raisin-196x300.jpg\" alt=\"pinot blanc raisin\" width=\"196\" height=\"300\" srcset=\"https:\/\/vinsrapp.com\/wp-content\/uploads\/2014\/09\/pinot-blanc-raisin-196x300.jpg 196w, https:\/\/vinsrapp.com\/wp-content\/uploads\/2014\/09\/pinot-blanc-raisin-669x1024.jpg 669w, https:\/\/vinsrapp.com\/wp-content\/uploads\/2014\/09\/pinot-blanc-raisin.jpg 1710w\" sizes=\"auto, (max-width: 196px) 100vw, 196px\" \/><\/a><\/p>\n<h6>Rebsorte : Auxerrois<\/h6>\n<h6>Farbe : Hellgelb, gl\u00e4nzend, klar mit leichten gr\u00fcnen Reflexen<\/h6>\n<h6>Bukett : Trocken und k\u00f6stlich mit Duft nach frischen Fr\u00fcchten, begleitet eine Vielfalt von Gerichten.<\/h6>\n<h6>Passende Gerichte : ein vielseitiger Wein mit viele M\u00f6glichkeiten<\/h6>\n<p><a href=\"http:\/\/vinsrapp.com\/wp-content\/uploads\/2019\/09\/echelle-Sec-1.bmp\"><img loading=\"lazy\" decoding=\"async\" class=\"alignnone size-medium wp-image-1974\" src=\"http:\/\/vinsrapp.com\/wp-content\/uploads\/2019\/09\/echelle-Sec-1-300x51.jpg\" alt=\"\" width=\"300\" height=\"51\" srcset=\"https:\/\/vinsrapp.com\/wp-content\/uploads\/2019\/09\/echelle-Sec-1-300x51.jpg 300w, https:\/\/vinsrapp.com\/wp-content\/uploads\/2019\/09\/echelle-Sec-1.bmp 306w\" sizes=\"auto, (max-width: 300px) 100vw, 300px\" \/><\/a><\/p>\n<p>&nbsp;<\/p>\n","protected":false},"excerpt":{"rendered":"<p>AUXERROIS AOC Alsace Rebsorte : Auxerrois Farbe : Hellgelb, gl\u00e4nzend, klar mit leichten gr\u00fcnen Reflexen Bukett : Trocken und k\u00f6stlich mit Duft nach frischen Fr\u00fcchten, begleitet eine Vielfalt von Gerichten. Passende Gerichte : ein vielseitiger Wein mit viele M\u00f6glichkeiten &nbsp;<\/p>\n","protected":false},"author":1,"featured_media":0,"parent":1152,"menu_order":0,"comment_status":"closed","ping_status":"open","template":"","meta":{"footnotes":""},"class_list":["post-1194","page","type-page","status-publish","hentry"],"_links":{"self":[{"href":"https:\/\/vinsrapp.com\/index.php?rest_route=\/wp\/v2\/pages\/1194","targetHints":{"allow":["GET"]}}],"collection":[{"href":"https:\/\/vinsrapp.com\/index.php?rest_route=\/wp\/v2\/pages"}],"about":[{"href":"https:\/\/vinsrapp.com\/index.php?rest_route=\/wp\/v2\/types\/page"}],"author":[{"embeddable":true,"href":"https:\/\/vinsrapp.com\/index.php?rest_route=\/wp\/v2\/users\/1"}],"replies":[{"embeddable":true,"href":"https:\/\/vinsrapp.com\/index.php?rest_route=%2Fwp%2Fv2%2Fcomments&post=1194"}],"version-history":[{"count":15,"href":"https:\/\/vinsrapp.com\/index.php?rest_route=\/wp\/v2\/pages\/1194\/revisions"}],"predecessor-version":[{"id":2077,"href":"https:\/\/vinsrapp.com\/index.php?rest_route=\/wp\/v2\/pages\/1194\/revisions\/2077"}],"up":[{"embeddable":true,"href":"https:\/\/vinsrapp.com\/index.php?rest_route=\/wp\/v2\/pages\/1152"}],"wp:attachment":[{"href":"https:\/\/vinsrapp.com\/index.php?rest_route=%2Fwp%2Fv2%2Fmedia&parent=1194"}],"curies":[{"name":"wp","href":"https:\/\/api.w.org\/{rel}","templated":true}]}}