{"id":1075,"date":"2018-01-24T08:43:50","date_gmt":"2018-01-24T08:43:50","guid":{"rendered":"http:\/\/vinsrapp.com\/?page_id=1075"},"modified":"2019-03-21T13:10:29","modified_gmt":"2019-03-21T13:10:29","slug":"__trashed-3__trashed","status":"publish","type":"page","link":"https:\/\/vinsrapp.com\/?page_id=1075&lang=de","title":{"rendered":"News"},"content":{"rendered":"<h2>A la rencontre de notre terroir\u00a0 :<\/h2>\n<p>&nbsp;<\/p>\n<h2>Save the date :<\/h2>\n<p>Am 9 und 10 Novembre 2019 sind Sie herzlich eingeladen auf unsermem Markt : \u00ab\u00a0A la rencontre de notre terroir\u00a0\u00bb!<\/p>\n<h2>In Offwiller am 8 mai<\/h2>\n<p>auf dem Fr\u00fchlings Fest<\/p>\n<h2>A la rencontre de notre terroir<\/h2>\n<p>Willkommen im Weingut am 10 und 11 november um unsere Freunde und ihre Herstellungen zu entdecken : Unsere Weine, Weine von ganz Frankreich, Els\u00e4ssische Produkte, Kunst,&#8230;!<\/p>\n<p><a href=\"http:\/\/vinsrapp.com\/wp-content\/uploads\/2018\/10\/Affiche-2018.jpg\"><img loading=\"lazy\" decoding=\"async\" class=\"alignnone wp-image-1852\" src=\"http:\/\/vinsrapp.com\/wp-content\/uploads\/2018\/10\/Affiche-2018-212x300.jpg\" alt=\"\" width=\"243\" height=\"344\" srcset=\"https:\/\/vinsrapp.com\/wp-content\/uploads\/2018\/10\/Affiche-2018-212x300.jpg 212w, https:\/\/vinsrapp.com\/wp-content\/uploads\/2018\/10\/Affiche-2018-768x1087.jpg 768w, https:\/\/vinsrapp.com\/wp-content\/uploads\/2018\/10\/Affiche-2018-724x1024.jpg 724w, https:\/\/vinsrapp.com\/wp-content\/uploads\/2018\/10\/Affiche-2018.jpg 1157w\" sizes=\"auto, (max-width: 243px) 100vw, 243px\" \/><\/a><\/p>\n<h2>27 und 28 Oktober 2018<br \/>\n\u00ab\u00a0Salon de l&rsquo;art de la f\u00eate et du mariage\u00a0\u00bb in Willgottheim<\/h2>\n<p><a href=\"http:\/\/vinsrapp.com\/wp-content\/uploads\/2018\/10\/Flyer-salon-mariage-2018.jpg\"><img loading=\"lazy\" decoding=\"async\" class=\"alignnone wp-image-1854\" src=\"http:\/\/vinsrapp.com\/wp-content\/uploads\/2018\/10\/Flyer-salon-mariage-2018-300x212.jpg\" alt=\"\" width=\"335\" height=\"237\" srcset=\"https:\/\/vinsrapp.com\/wp-content\/uploads\/2018\/10\/Flyer-salon-mariage-2018-300x212.jpg 300w, https:\/\/vinsrapp.com\/wp-content\/uploads\/2018\/10\/Flyer-salon-mariage-2018-768x543.jpg 768w, https:\/\/vinsrapp.com\/wp-content\/uploads\/2018\/10\/Flyer-salon-mariage-2018-1024x724.jpg 1024w, https:\/\/vinsrapp.com\/wp-content\/uploads\/2018\/10\/Flyer-salon-mariage-2018.jpg 1754w\" sizes=\"auto, (max-width: 335px) 100vw, 335px\" \/><\/a><\/p>\n<h2>1 Juli 2018 :<br \/>\n\u00ab\u00a0March\u00e9 des terroirs\u00a0\u00bb von Haguenau<\/h2>\n<p><a href=\"http:\/\/vinsrapp.com\/wp-content\/uploads\/2018\/06\/Haguenau-2018.jpg\"><img loading=\"lazy\" decoding=\"async\" class=\"alignnone size-medium wp-image-1841\" src=\"http:\/\/vinsrapp.com\/wp-content\/uploads\/2018\/06\/Haguenau-2018-218x300.jpg\" alt=\"\" width=\"218\" height=\"300\" srcset=\"https:\/\/vinsrapp.com\/wp-content\/uploads\/2018\/06\/Haguenau-2018-218x300.jpg 218w, https:\/\/vinsrapp.com\/wp-content\/uploads\/2018\/06\/Haguenau-2018-768x1056.jpg 768w, https:\/\/vinsrapp.com\/wp-content\/uploads\/2018\/06\/Haguenau-2018-745x1024.jpg 745w, https:\/\/vinsrapp.com\/wp-content\/uploads\/2018\/06\/Haguenau-2018.jpg 1700w\" sizes=\"auto, (max-width: 218px) 100vw, 218px\" \/><\/a><\/p>\n<h2>Am 22 Juni 2018 :<br \/>\n\u00ab\u00a0March\u00e9 nocturne\u00a0\u00bb von Gresswiller<\/h2>\n<p><a href=\"http:\/\/vinsrapp.com\/wp-content\/uploads\/2018\/06\/March\u00e9-du-terroir-2018.jpg\"><img loading=\"lazy\" decoding=\"async\" class=\"alignnone size-medium wp-image-1840\" src=\"http:\/\/vinsrapp.com\/wp-content\/uploads\/2018\/06\/March\u00e9-du-terroir-2018-218x300.jpg\" alt=\"\" width=\"218\" height=\"300\" srcset=\"https:\/\/vinsrapp.com\/wp-content\/uploads\/2018\/06\/March\u00e9-du-terroir-2018-218x300.jpg 218w, https:\/\/vinsrapp.com\/wp-content\/uploads\/2018\/06\/March\u00e9-du-terroir-2018-768x1056.jpg 768w, https:\/\/vinsrapp.com\/wp-content\/uploads\/2018\/06\/March\u00e9-du-terroir-2018-745x1024.jpg 745w, https:\/\/vinsrapp.com\/wp-content\/uploads\/2018\/06\/March\u00e9-du-terroir-2018.jpg 1700w\" sizes=\"auto, (max-width: 218px) 100vw, 218px\" \/><\/a><\/p>\n<h2>Am 27 May 2018<\/h2>\n<p>Wir sind in Boissy Saint L\u00e9ger (94)<\/p>\n<h2>Der Ros\u00e9 2017 ist da!<\/h2>\n<p>Zehr gut mit gegrilltem Fleisch!<\/p>\n<p><a href=\"http:\/\/vinsrapp.com\/wp-content\/uploads\/2018\/04\/image2-e1524236907484.jpeg\"><img loading=\"lazy\" decoding=\"async\" class=\"alignnone size-medium wp-image-1758\" src=\"http:\/\/vinsrapp.com\/wp-content\/uploads\/2018\/04\/image2-e1524236907484-225x300.jpeg\" alt=\"\" width=\"225\" height=\"300\" srcset=\"https:\/\/vinsrapp.com\/wp-content\/uploads\/2018\/04\/image2-e1524236907484-225x300.jpeg 225w, https:\/\/vinsrapp.com\/wp-content\/uploads\/2018\/04\/image2-e1524236907484.jpeg 480w\" sizes=\"auto, (max-width: 225px) 100vw, 225px\" \/><\/a><\/p>\n<h2>La boutique Eph\u00e9m\u00e8re<\/h2>\n<p><a href=\"http:\/\/vinsrapp.com\/wp-content\/uploads\/2014\/09\/LogoBtiqEph.jpg\"><img loading=\"lazy\" decoding=\"async\" class=\"alignnone wp-image-1046\" src=\"http:\/\/vinsrapp.com\/wp-content\/uploads\/2014\/09\/LogoBtiqEph-297x300.jpg\" alt=\"LogoBtiqEph\" width=\"147\" height=\"149\" srcset=\"https:\/\/vinsrapp.com\/wp-content\/uploads\/2014\/09\/LogoBtiqEph-297x300.jpg 297w, https:\/\/vinsrapp.com\/wp-content\/uploads\/2014\/09\/LogoBtiqEph.jpg 576w\" sizes=\"auto, (max-width: 147px) 100vw, 147px\" \/><\/a><\/p>\n<p>Vom 12 bis 17 Dezember 2017 Rue de la porte in\u00a0 Sucy en Brie (94)<\/p>\n<p>Probieren Sie unsere Weine in unserem verg\u00e4nglichen Gesch\u00e4ft in der N\u00e4he von Paris. Gerne gr\u00fcssen wir Sie dort!<\/p>\n<p>&nbsp;<\/p>\n<h2>1001degustations.com :<\/h2>\n<p>Sie k\u00f6nnen unsere Weine auf der Website 1001degustations.com finden. Drei unserer \u00ab\u00a0Cuv\u00e9es\u00a0\u00bb wurden von dem Jury ausgew\u00e4hlt und\u00a0 von dieser Internet-Seite pr\u00e4miert.<\/p>\n<p><a href=\"https:\/\/www.1001degustations.com\/producteur-2684-klutchko.html\">Zur Website 1001degustations.com<\/a><\/p>\n","protected":false},"excerpt":{"rendered":"<p>A la rencontre de notre terroir\u00a0 : &nbsp; Save the date : Am 9 und 10 Novembre 2019 sind Sie herzlich eingeladen auf unsermem Markt : \u00ab\u00a0A la rencontre de notre terroir\u00a0\u00bb! In Offwiller am 8 mai auf dem Fr\u00fchlings Fest A la rencontre de notre terroir Willkommen im Weingut am 10 und 11 november &hellip; <a href=\"https:\/\/vinsrapp.com\/?page_id=1075&#038;lang=de\" class=\"more-link\">Continuer la lecture de <span class=\"screen-reader-text\">News<\/span>  <span class=\"meta-nav\">&rarr;<\/span><\/a><\/p>\n","protected":false},"author":1,"featured_media":0,"parent":0,"menu_order":0,"comment_status":"closed","ping_status":"open","template":"","meta":{"footnotes":""},"class_list":["post-1075","page","type-page","status-publish","hentry"],"_links":{"self":[{"href":"https:\/\/vinsrapp.com\/index.php?rest_route=\/wp\/v2\/pages\/1075","targetHints":{"allow":["GET"]}}],"collection":[{"href":"https:\/\/vinsrapp.com\/index.php?rest_route=\/wp\/v2\/pages"}],"about":[{"href":"https:\/\/vinsrapp.com\/index.php?rest_route=\/wp\/v2\/types\/page"}],"author":[{"embeddable":true,"href":"https:\/\/vinsrapp.com\/index.php?rest_route=\/wp\/v2\/users\/1"}],"replies":[{"embeddable":true,"href":"https:\/\/vinsrapp.com\/index.php?rest_route=%2Fwp%2Fv2%2Fcomments&post=1075"}],"version-history":[{"count":7,"href":"https:\/\/vinsrapp.com\/index.php?rest_route=\/wp\/v2\/pages\/1075\/revisions"}],"predecessor-version":[{"id":1870,"href":"https:\/\/vinsrapp.com\/index.php?rest_route=\/wp\/v2\/pages\/1075\/revisions\/1870"}],"wp:attachment":[{"href":"https:\/\/vinsrapp.com\/index.php?rest_route=%2Fwp%2Fv2%2Fmedia&parent=1075"}],"curies":[{"name":"wp","href":"https:\/\/api.w.org\/{rel}","templated":true}]}}